{"id":121580,"date":"2026-05-03T13:28:28","date_gmt":"2026-05-03T11:28:28","guid":{"rendered":"https:\/\/one-horizon.ch\/product\/leuchte-uri\/"},"modified":"2026-05-03T13:28:28","modified_gmt":"2026-05-03T11:28:28","slug":"leuchte-uri","status":"publish","type":"product","link":"https:\/\/one-horizon.ch\/fr\/product\/leuchte-uri\/","title":{"rendered":"Luminaire URI"},"content":{"rendered":"<p>&gt;<br \/>\n  Cette lampe \u00e0 LED \u00e9l\u00e9gante et originale, dot\u00e9e d&#8217;une poign\u00e9e, se pose ou s&#8217;accroche facilement l\u00e0 o\u00f9 vous avez besoin d&#8217;une source de lumi\u00e8re. Que ce soit sur la table de cuisine, le buffet, la terrasse ou dans l&#8217;arbre au-dessus de la table de jardin, cette lampe irr\u00e9sistible apporte un confort esth\u00e9tique en tout lieu. Elle se branche facilement sur le c\u00e2ble textile de haute qualit\u00e9 fourni.  <\/p>\n","protected":false},"excerpt":{"rendered":"<p>Lampe de table d&#8217;ambiance URI &#8211; fabriqu\u00e9e \u00e0 la main, en cinq versions individuelles.<\/p>\n","protected":false},"featured_media":121994,"comment_status":"open","ping_status":"closed","template":"","meta":{"_acf_changed":false},"product_brand":[3039],"product_cat":[3257],"product_tag":[],"class_list":{"0":"post-121580","1":"product","2":"type-product","3":"status-publish","4":"has-post-thumbnail","6":"product_brand-remember","7":"product_cat-lampes-de-table","9":"first","10":"onbackorder","11":"taxable","12":"shipping-taxable","13":"purchasable","14":"product-type-variable"},"acf":[],"_links":{"self":[{"href":"https:\/\/one-horizon.ch\/fr\/wp-json\/wp\/v2\/product\/121580","targetHints":{"allow":["GET"]}}],"collection":[{"href":"https:\/\/one-horizon.ch\/fr\/wp-json\/wp\/v2\/product"}],"about":[{"href":"https:\/\/one-horizon.ch\/fr\/wp-json\/wp\/v2\/types\/product"}],"replies":[{"embeddable":true,"href":"https:\/\/one-horizon.ch\/fr\/wp-json\/wp\/v2\/comments?post=121580"}],"wp:featuredmedia":[{"embeddable":true,"href":"https:\/\/one-horizon.ch\/fr\/wp-json\/wp\/v2\/media\/121994"}],"wp:attachment":[{"href":"https:\/\/one-horizon.ch\/fr\/wp-json\/wp\/v2\/media?parent=121580"}],"wp:term":[{"taxonomy":"product_brand","embeddable":true,"href":"https:\/\/one-horizon.ch\/fr\/wp-json\/wp\/v2\/product_brand?post=121580"},{"taxonomy":"product_cat","embeddable":true,"href":"https:\/\/one-horizon.ch\/fr\/wp-json\/wp\/v2\/product_cat?post=121580"},{"taxonomy":"product_tag","embeddable":true,"href":"https:\/\/one-horizon.ch\/fr\/wp-json\/wp\/v2\/product_tag?post=121580"}],"curies":[{"name":"wp","href":"https:\/\/api.w.org\/{rel}","templated":true}]}}