{"id":121588,"date":"2026-05-03T13:25:36","date_gmt":"2026-05-03T11:25:36","guid":{"rendered":"https:\/\/one-horizon.ch\/product\/weinglaeser-groove-2er-set\/"},"modified":"2026-05-03T13:25:36","modified_gmt":"2026-05-03T11:25:36","slug":"weinglaeser-groove-2er-set","status":"publish","type":"product","link":"https:\/\/one-horizon.ch\/fr\/product\/weinglaeser-groove-2er-set\/","title":{"rendered":"Verres \u00e0 vin Groove (set de 2)"},"content":{"rendered":"<p>&gt;<br \/>\n  Simples mais \u00e9l\u00e9gants : avec leur design simple et leur couleur d\u00e9licate, ces verres \u00e0 vin attirent l&#8217;attention sur toutes les tables et rendent les moments sp\u00e9ciaux encore un peu plus beaux. Que ce soit pour le vin rouge, le vin blanc ou vos propres cr\u00e9ations, au quotidien ou lors d&#8217;occasions festives, ces verres sont toujours adapt\u00e9s. Les cr\u00e8mes dessert ou les glaces peuvent \u00e9galement \u00eatre servies dans les verres \u00e0 vin.  <\/p>\n","protected":false},"excerpt":{"rendered":"<p>Verres \u00e0 vin Groove en set de 2 &#8211; design cannel\u00e9 pour Moselle ou Bordeaux.<\/p>\n","protected":false},"featured_media":121817,"comment_status":"open","ping_status":"closed","template":"","meta":{"_acf_changed":false},"product_brand":[3039],"product_cat":[1280],"product_tag":[],"class_list":{"0":"post-121588","1":"product","2":"type-product","3":"status-publish","4":"has-post-thumbnail","6":"product_brand-remember","7":"product_cat-vaisselle","9":"first","10":"onbackorder","11":"taxable","12":"shipping-taxable","13":"purchasable","14":"product-type-variable"},"acf":[],"_links":{"self":[{"href":"https:\/\/one-horizon.ch\/fr\/wp-json\/wp\/v2\/product\/121588","targetHints":{"allow":["GET"]}}],"collection":[{"href":"https:\/\/one-horizon.ch\/fr\/wp-json\/wp\/v2\/product"}],"about":[{"href":"https:\/\/one-horizon.ch\/fr\/wp-json\/wp\/v2\/types\/product"}],"replies":[{"embeddable":true,"href":"https:\/\/one-horizon.ch\/fr\/wp-json\/wp\/v2\/comments?post=121588"}],"wp:featuredmedia":[{"embeddable":true,"href":"https:\/\/one-horizon.ch\/fr\/wp-json\/wp\/v2\/media\/121817"}],"wp:attachment":[{"href":"https:\/\/one-horizon.ch\/fr\/wp-json\/wp\/v2\/media?parent=121588"}],"wp:term":[{"taxonomy":"product_brand","embeddable":true,"href":"https:\/\/one-horizon.ch\/fr\/wp-json\/wp\/v2\/product_brand?post=121588"},{"taxonomy":"product_cat","embeddable":true,"href":"https:\/\/one-horizon.ch\/fr\/wp-json\/wp\/v2\/product_cat?post=121588"},{"taxonomy":"product_tag","embeddable":true,"href":"https:\/\/one-horizon.ch\/fr\/wp-json\/wp\/v2\/product_tag?post=121588"}],"curies":[{"name":"wp","href":"https:\/\/api.w.org\/{rel}","templated":true}]}}