{"id":121598,"date":"2026-05-03T13:27:20","date_gmt":"2026-05-03T11:27:20","guid":{"rendered":"https:\/\/one-horizon.ch\/product\/tragetasche-nelly\/"},"modified":"2026-05-04T00:09:36","modified_gmt":"2026-05-03T22:09:36","slug":"tragetasche-nelly","status":"publish","type":"product","link":"https:\/\/one-horizon.ch\/fr\/product\/tragetasche-nelly\/","title":{"rendered":"Sac de transport Nelly"},"content":{"rendered":"<p>&gt;<br \/>\n  Le sac parfait pour tous les jours, qui met toujours de bonne humeur : il suffit d&#8217;y mettre les documents, les cl\u00e9s, le t\u00e9l\u00e9phone portable, la bo\u00eete \u00e0 lunch et la bouteille d&#8217;eau et la journ\u00e9e peut commencer. Avec anses et bandouli\u00e8re, fermeture magn\u00e9tique, poche int\u00e9rieure avec fermeture \u00e9clair, supporte jusqu&#8217;\u00e0 20 kg, lavable \u00e0 30 \u00b0C. Bandouli\u00e8re : 72-140 cm. <\/p>\n","protected":false},"excerpt":{"rendered":"<p>Sac de transport styl\u00e9 Nelly &#8211; robuste, color\u00e9 et durable.<\/p>\n","protected":false},"featured_media":121835,"comment_status":"open","ping_status":"closed","template":"","meta":{"_acf_changed":false},"product_brand":[3039],"product_cat":[1298],"product_tag":[],"class_list":{"0":"post-121598","1":"product","2":"type-product","3":"status-publish","4":"has-post-thumbnail","6":"product_brand-remember","7":"product_cat-sacs-a-provisions","9":"first","10":"onbackorder","11":"taxable","12":"shipping-taxable","13":"purchasable","14":"product-type-variable"},"acf":[],"_links":{"self":[{"href":"https:\/\/one-horizon.ch\/fr\/wp-json\/wp\/v2\/product\/121598","targetHints":{"allow":["GET"]}}],"collection":[{"href":"https:\/\/one-horizon.ch\/fr\/wp-json\/wp\/v2\/product"}],"about":[{"href":"https:\/\/one-horizon.ch\/fr\/wp-json\/wp\/v2\/types\/product"}],"replies":[{"embeddable":true,"href":"https:\/\/one-horizon.ch\/fr\/wp-json\/wp\/v2\/comments?post=121598"}],"wp:featuredmedia":[{"embeddable":true,"href":"https:\/\/one-horizon.ch\/fr\/wp-json\/wp\/v2\/media\/121835"}],"wp:attachment":[{"href":"https:\/\/one-horizon.ch\/fr\/wp-json\/wp\/v2\/media?parent=121598"}],"wp:term":[{"taxonomy":"product_brand","embeddable":true,"href":"https:\/\/one-horizon.ch\/fr\/wp-json\/wp\/v2\/product_brand?post=121598"},{"taxonomy":"product_cat","embeddable":true,"href":"https:\/\/one-horizon.ch\/fr\/wp-json\/wp\/v2\/product_cat?post=121598"},{"taxonomy":"product_tag","embeddable":true,"href":"https:\/\/one-horizon.ch\/fr\/wp-json\/wp\/v2\/product_tag?post=121598"}],"curies":[{"name":"wp","href":"https:\/\/api.w.org\/{rel}","templated":true}]}}