{"id":121604,"date":"2026-05-03T13:25:11","date_gmt":"2026-05-03T11:25:11","guid":{"rendered":"https:\/\/one-horizon.ch\/product\/glasschaelchen-2er-set\/"},"modified":"2026-05-03T13:25:11","modified_gmt":"2026-05-03T11:25:11","slug":"glasschaelchen-2er-set","status":"publish","type":"product","link":"https:\/\/one-horizon.ch\/fr\/product\/glasschaelchen-2er-set\/","title":{"rendered":"Set de 2 coupelles en verre"},"content":{"rendered":"<p>&gt;<br \/>\n  Fines et robustes \u00e0 la fois &#8211; voici les coupelles en verre borosilicat\u00e9 pour les snacks et les desserts. Que ce soit de la glace, des fruits ou du crumble cuit au four, tout est d\u00e9licieux dans ces jolies coupelles. R\u00e9sistant au four jusqu&#8217;\u00e0 300\u00b0C. Passe au lave-vaisselle, au micro-ondes et au four.   <\/p>\n","protected":false},"excerpt":{"rendered":"<p>Set de coupes en verre en deux parties &#8211; ambre ou oc\u00e9an, d\u00e9coratives et polyvalentes.<\/p>\n","protected":false},"featured_media":121793,"comment_status":"open","ping_status":"closed","template":"","meta":{"_acf_changed":false},"product_brand":[3039],"product_cat":[1280],"product_tag":[],"class_list":{"0":"post-121604","1":"product","2":"type-product","3":"status-publish","4":"has-post-thumbnail","6":"product_brand-remember","7":"product_cat-vaisselle","9":"first","10":"onbackorder","11":"taxable","12":"shipping-taxable","13":"purchasable","14":"product-type-variable"},"acf":[],"_links":{"self":[{"href":"https:\/\/one-horizon.ch\/fr\/wp-json\/wp\/v2\/product\/121604","targetHints":{"allow":["GET"]}}],"collection":[{"href":"https:\/\/one-horizon.ch\/fr\/wp-json\/wp\/v2\/product"}],"about":[{"href":"https:\/\/one-horizon.ch\/fr\/wp-json\/wp\/v2\/types\/product"}],"replies":[{"embeddable":true,"href":"https:\/\/one-horizon.ch\/fr\/wp-json\/wp\/v2\/comments?post=121604"}],"wp:featuredmedia":[{"embeddable":true,"href":"https:\/\/one-horizon.ch\/fr\/wp-json\/wp\/v2\/media\/121793"}],"wp:attachment":[{"href":"https:\/\/one-horizon.ch\/fr\/wp-json\/wp\/v2\/media?parent=121604"}],"wp:term":[{"taxonomy":"product_brand","embeddable":true,"href":"https:\/\/one-horizon.ch\/fr\/wp-json\/wp\/v2\/product_brand?post=121604"},{"taxonomy":"product_cat","embeddable":true,"href":"https:\/\/one-horizon.ch\/fr\/wp-json\/wp\/v2\/product_cat?post=121604"},{"taxonomy":"product_tag","embeddable":true,"href":"https:\/\/one-horizon.ch\/fr\/wp-json\/wp\/v2\/product_tag?post=121604"}],"curies":[{"name":"wp","href":"https:\/\/api.w.org\/{rel}","templated":true}]}}