{"id":121611,"date":"2026-05-03T13:23:42","date_gmt":"2026-05-03T11:23:42","guid":{"rendered":"https:\/\/one-horizon.ch\/product\/magnetischer-kerzenhalter-luna-mini-4er-set\/"},"modified":"2026-05-03T13:23:42","modified_gmt":"2026-05-03T11:23:42","slug":"magnetischer-kerzenhalter-luna-mini-4er-set","status":"publish","type":"product","link":"https:\/\/one-horizon.ch\/fr\/product\/magnetischer-kerzenhalter-luna-mini-4er-set\/","title":{"rendered":"Bougeoir magn\u00e9tique Luna Mini, lot de 4"},"content":{"rendered":"<p>&gt;<br \/>\n  \u00c0 offrir, \u00e0 garder, \u00e0 aimer tout simplement : Le petit plateau avec ses trois bougeoirs color\u00e9s a tout ce qu&#8217;il faut pour devenir le chouchou de la d\u00e9coration de votre int\u00e9rieur. Gr\u00e2ce aux aimants int\u00e9gr\u00e9s, les bougeoirs peuvent \u00eatre plac\u00e9s sur le plateau sans glisser ni se renverser, et leur nombre et leur position peuvent \u00eatre modifi\u00e9s \u00e0 volont\u00e9. Selon l&#8217;occasion, Luna Mini imm  <\/p>\n","protected":false},"excerpt":{"rendered":"<p>Syst\u00e8me de bougeoirs magn\u00e9tiques Luna Mini &#8211; jeu de 4, en deux couleurs.<\/p>\n","protected":false},"featured_media":121732,"comment_status":"open","ping_status":"closed","template":"","meta":{"_acf_changed":false},"product_brand":[3039],"product_cat":[989],"product_tag":[],"class_list":{"0":"post-121611","1":"product","2":"type-product","3":"status-publish","4":"has-post-thumbnail","6":"product_brand-remember","7":"product_cat-bougies","9":"first","10":"onbackorder","11":"taxable","12":"shipping-taxable","13":"purchasable","14":"product-type-variable"},"acf":[],"_links":{"self":[{"href":"https:\/\/one-horizon.ch\/fr\/wp-json\/wp\/v2\/product\/121611","targetHints":{"allow":["GET"]}}],"collection":[{"href":"https:\/\/one-horizon.ch\/fr\/wp-json\/wp\/v2\/product"}],"about":[{"href":"https:\/\/one-horizon.ch\/fr\/wp-json\/wp\/v2\/types\/product"}],"replies":[{"embeddable":true,"href":"https:\/\/one-horizon.ch\/fr\/wp-json\/wp\/v2\/comments?post=121611"}],"wp:featuredmedia":[{"embeddable":true,"href":"https:\/\/one-horizon.ch\/fr\/wp-json\/wp\/v2\/media\/121732"}],"wp:attachment":[{"href":"https:\/\/one-horizon.ch\/fr\/wp-json\/wp\/v2\/media?parent=121611"}],"wp:term":[{"taxonomy":"product_brand","embeddable":true,"href":"https:\/\/one-horizon.ch\/fr\/wp-json\/wp\/v2\/product_brand?post=121611"},{"taxonomy":"product_cat","embeddable":true,"href":"https:\/\/one-horizon.ch\/fr\/wp-json\/wp\/v2\/product_cat?post=121611"},{"taxonomy":"product_tag","embeddable":true,"href":"https:\/\/one-horizon.ch\/fr\/wp-json\/wp\/v2\/product_tag?post=121611"}],"curies":[{"name":"wp","href":"https:\/\/api.w.org\/{rel}","templated":true}]}}