{"id":121616,"date":"2026-05-03T13:24:43","date_gmt":"2026-05-03T11:24:43","guid":{"rendered":"https:\/\/one-horizon.ch\/product\/glasschale-groove\/"},"modified":"2026-05-03T13:24:43","modified_gmt":"2026-05-03T11:24:43","slug":"glasschale-groove","status":"publish","type":"product","link":"https:\/\/one-horizon.ch\/fr\/product\/glasschale-groove\/","title":{"rendered":"Bol en verre Groove"},"content":{"rendered":"<p>&gt;<br \/>\n  Que ce soit sur un buffet, une table de salle \u00e0 manger ou dans le salon, le bol en verre Groove est un v\u00e9ritable atout. Le verre color\u00e9 et stri\u00e9 joue avec la lumi\u00e8re et cr\u00e9e ainsi des effets fascinants. Avec sa structure particuli\u00e8re et son contour color\u00e9, le bol met parfaitement en valeur les compositions v\u00e9g\u00e9tales, les fruits ou la salade du d\u00eener et conf\u00e8re \u00e0 la maison un aspect e  <\/p>\n","protected":false},"excerpt":{"rendered":"<p>Coupe en verre cannel\u00e9 Groove &#8211; une couleur fra\u00eeche sur la table, en deux tailles.<\/p>\n","protected":false},"featured_media":121780,"comment_status":"open","ping_status":"closed","template":"","meta":{"_acf_changed":false},"product_brand":[3039],"product_cat":[1329],"product_tag":[],"class_list":{"0":"post-121616","1":"product","2":"type-product","3":"status-publish","4":"has-post-thumbnail","6":"product_brand-remember","7":"product_cat-vases-fr","9":"first","10":"onbackorder","11":"taxable","12":"shipping-taxable","13":"purchasable","14":"product-type-variable"},"acf":[],"_links":{"self":[{"href":"https:\/\/one-horizon.ch\/fr\/wp-json\/wp\/v2\/product\/121616","targetHints":{"allow":["GET"]}}],"collection":[{"href":"https:\/\/one-horizon.ch\/fr\/wp-json\/wp\/v2\/product"}],"about":[{"href":"https:\/\/one-horizon.ch\/fr\/wp-json\/wp\/v2\/types\/product"}],"replies":[{"embeddable":true,"href":"https:\/\/one-horizon.ch\/fr\/wp-json\/wp\/v2\/comments?post=121616"}],"wp:featuredmedia":[{"embeddable":true,"href":"https:\/\/one-horizon.ch\/fr\/wp-json\/wp\/v2\/media\/121780"}],"wp:attachment":[{"href":"https:\/\/one-horizon.ch\/fr\/wp-json\/wp\/v2\/media?parent=121616"}],"wp:term":[{"taxonomy":"product_brand","embeddable":true,"href":"https:\/\/one-horizon.ch\/fr\/wp-json\/wp\/v2\/product_brand?post=121616"},{"taxonomy":"product_cat","embeddable":true,"href":"https:\/\/one-horizon.ch\/fr\/wp-json\/wp\/v2\/product_cat?post=121616"},{"taxonomy":"product_tag","embeddable":true,"href":"https:\/\/one-horizon.ch\/fr\/wp-json\/wp\/v2\/product_tag?post=121616"}],"curies":[{"name":"wp","href":"https:\/\/api.w.org\/{rel}","templated":true}]}}