{"id":121626,"date":"2026-05-03T13:24:07","date_gmt":"2026-05-03T11:24:07","guid":{"rendered":"https:\/\/one-horizon.ch\/product\/kerzenhalter-lucy\/"},"modified":"2026-05-03T13:24:07","modified_gmt":"2026-05-03T11:24:07","slug":"kerzenhalter-lucy","status":"publish","type":"product","link":"https:\/\/one-horizon.ch\/fr\/product\/kerzenhalter-lucy\/","title":{"rendered":"Chandelier Lucy"},"content":{"rendered":"<p>&gt;<br \/>\n  Un jeu de couleurs d\u00e9licat : le bougeoir en verre transparent refl\u00e8te la lumi\u00e8re d&#8217;une mani\u00e8re particuli\u00e8re et cr\u00e9e des accents color\u00e9s sur la table \u00e0 manger ou le buffet. Le large bord assure une bonne stabilit\u00e9 et peut \u00e9galement \u00eatre d\u00e9cor\u00e9 en fonction des saisons. Verre borosilicat\u00e9.  <\/p>\n","protected":false},"excerpt":{"rendered":"<p>Chandelier color\u00e9 Lucy &#8211; des couleurs vives pour la table.<\/p>\n","protected":false},"featured_media":121756,"comment_status":"open","ping_status":"closed","template":"","meta":{"_acf_changed":false},"product_brand":[3039],"product_cat":[989],"product_tag":[],"class_list":{"0":"post-121626","1":"product","2":"type-product","3":"status-publish","4":"has-post-thumbnail","6":"product_brand-remember","7":"product_cat-bougies","9":"first","10":"onbackorder","11":"taxable","12":"shipping-taxable","13":"purchasable","14":"product-type-variable"},"acf":[],"_links":{"self":[{"href":"https:\/\/one-horizon.ch\/fr\/wp-json\/wp\/v2\/product\/121626","targetHints":{"allow":["GET"]}}],"collection":[{"href":"https:\/\/one-horizon.ch\/fr\/wp-json\/wp\/v2\/product"}],"about":[{"href":"https:\/\/one-horizon.ch\/fr\/wp-json\/wp\/v2\/types\/product"}],"replies":[{"embeddable":true,"href":"https:\/\/one-horizon.ch\/fr\/wp-json\/wp\/v2\/comments?post=121626"}],"wp:featuredmedia":[{"embeddable":true,"href":"https:\/\/one-horizon.ch\/fr\/wp-json\/wp\/v2\/media\/121756"}],"wp:attachment":[{"href":"https:\/\/one-horizon.ch\/fr\/wp-json\/wp\/v2\/media?parent=121626"}],"wp:term":[{"taxonomy":"product_brand","embeddable":true,"href":"https:\/\/one-horizon.ch\/fr\/wp-json\/wp\/v2\/product_brand?post=121626"},{"taxonomy":"product_cat","embeddable":true,"href":"https:\/\/one-horizon.ch\/fr\/wp-json\/wp\/v2\/product_cat?post=121626"},{"taxonomy":"product_tag","embeddable":true,"href":"https:\/\/one-horizon.ch\/fr\/wp-json\/wp\/v2\/product_tag?post=121626"}],"curies":[{"name":"wp","href":"https:\/\/api.w.org\/{rel}","templated":true}]}}