{"id":121630,"date":"2026-05-03T13:23:25","date_gmt":"2026-05-03T11:23:25","guid":{"rendered":"https:\/\/one-horizon.ch\/product\/adventskranzschale-lucia\/"},"modified":"2026-05-03T13:23:25","modified_gmt":"2026-05-03T11:23:25","slug":"adventskranzschale-lucia","status":"publish","type":"product","link":"https:\/\/one-horizon.ch\/fr\/product\/adventskranzschale-lucia\/","title":{"rendered":"Plateau pour couronne de l&#8217;Avent Lucia"},"content":{"rendered":"<p>&gt;<br \/>\n  Une d\u00e9coration de l&#8217;Avent styl\u00e9e qui cr\u00e9e une atmosph\u00e8re festive ann\u00e9e apr\u00e8s ann\u00e9e. Qu&#8217;elle soit simple ou d\u00e9cor\u00e9e de pommes de pin et de boules, plac\u00e9e sur la table de la salle \u00e0 manger ou sur le buffet, la corbeille de l&#8217;Avent peut \u00eatre mise en sc\u00e8ne de mani\u00e8re toujours diff\u00e9rente \u00e0 la plus belle p\u00e9riode de l&#8217;ann\u00e9e. <\/p>\n","protected":false},"excerpt":{"rendered":"<p>Plateau pour couronne de l&#8217;Avent Lucia &#8211; festif et plein d&#8217;ambiance pour la p\u00e9riode de l&#8217;Avent.<\/p>\n","protected":false},"featured_media":121768,"comment_status":"open","ping_status":"closed","template":"","meta":{"_acf_changed":false},"product_brand":[3039],"product_cat":[989],"product_tag":[],"class_list":{"0":"post-121630","1":"product","2":"type-product","3":"status-publish","4":"has-post-thumbnail","6":"product_brand-remember","7":"product_cat-bougies","9":"first","10":"onbackorder","11":"taxable","12":"shipping-taxable","13":"purchasable","14":"product-type-simple"},"acf":[],"_links":{"self":[{"href":"https:\/\/one-horizon.ch\/fr\/wp-json\/wp\/v2\/product\/121630","targetHints":{"allow":["GET"]}}],"collection":[{"href":"https:\/\/one-horizon.ch\/fr\/wp-json\/wp\/v2\/product"}],"about":[{"href":"https:\/\/one-horizon.ch\/fr\/wp-json\/wp\/v2\/types\/product"}],"replies":[{"embeddable":true,"href":"https:\/\/one-horizon.ch\/fr\/wp-json\/wp\/v2\/comments?post=121630"}],"wp:featuredmedia":[{"embeddable":true,"href":"https:\/\/one-horizon.ch\/fr\/wp-json\/wp\/v2\/media\/121768"}],"wp:attachment":[{"href":"https:\/\/one-horizon.ch\/fr\/wp-json\/wp\/v2\/media?parent=121630"}],"wp:term":[{"taxonomy":"product_brand","embeddable":true,"href":"https:\/\/one-horizon.ch\/fr\/wp-json\/wp\/v2\/product_brand?post=121630"},{"taxonomy":"product_cat","embeddable":true,"href":"https:\/\/one-horizon.ch\/fr\/wp-json\/wp\/v2\/product_cat?post=121630"},{"taxonomy":"product_tag","embeddable":true,"href":"https:\/\/one-horizon.ch\/fr\/wp-json\/wp\/v2\/product_tag?post=121630"}],"curies":[{"name":"wp","href":"https:\/\/api.w.org\/{rel}","templated":true}]}}