{"id":121633,"date":"2026-05-03T13:21:58","date_gmt":"2026-05-03T11:21:58","guid":{"rendered":"https:\/\/one-horizon.ch\/product\/magnetischer-kerzenhalter-luna-7er-set\/"},"modified":"2026-05-03T13:21:58","modified_gmt":"2026-05-03T11:21:58","slug":"magnetischer-kerzenhalter-luna-7er-set","status":"publish","type":"product","link":"https:\/\/one-horizon.ch\/fr\/product\/magnetischer-kerzenhalter-luna-7er-set\/","title":{"rendered":"Porte-bougie magn\u00e9tique Luna (lot de 7)"},"content":{"rendered":"<p>&gt;<br \/>\n  Une d\u00e9coration sans cesse renouvel\u00e9e : Qu&#8217;il s&#8217;agisse d&#8217;une d\u00e9coration simple ou saisonni\u00e8re, le design pur du bougeoir Luna laisse beaucoup de place aux id\u00e9es de d\u00e9coration. Les 6 bougeoirs color\u00e9s sont magn\u00e9tiques, ce qui permet de les disposer diff\u00e9remment sur le plateau sans qu&#8217;ils ne glissent. Avec quatre bougies, des boules festives et des pommes de pin, Luna est une couronne de l&#8217;Avent \u00e9l\u00e9gante pour No\u00ebl.  <\/p>\n","protected":false},"excerpt":{"rendered":"<p>Syst\u00e8me de bougeoirs magn\u00e9tiques Luna &#8211; set de 7, \u00e0 disposer de mani\u00e8re flexible.<\/p>\n","protected":false},"featured_media":121726,"comment_status":"open","ping_status":"closed","template":"","meta":{"_acf_changed":false},"product_brand":[3039],"product_cat":[989],"product_tag":[],"class_list":{"0":"post-121633","1":"product","2":"type-product","3":"status-publish","4":"has-post-thumbnail","6":"product_brand-remember","7":"product_cat-bougies","9":"first","10":"onbackorder","11":"taxable","12":"shipping-taxable","13":"purchasable","14":"product-type-simple"},"acf":[],"_links":{"self":[{"href":"https:\/\/one-horizon.ch\/fr\/wp-json\/wp\/v2\/product\/121633","targetHints":{"allow":["GET"]}}],"collection":[{"href":"https:\/\/one-horizon.ch\/fr\/wp-json\/wp\/v2\/product"}],"about":[{"href":"https:\/\/one-horizon.ch\/fr\/wp-json\/wp\/v2\/types\/product"}],"replies":[{"embeddable":true,"href":"https:\/\/one-horizon.ch\/fr\/wp-json\/wp\/v2\/comments?post=121633"}],"wp:featuredmedia":[{"embeddable":true,"href":"https:\/\/one-horizon.ch\/fr\/wp-json\/wp\/v2\/media\/121726"}],"wp:attachment":[{"href":"https:\/\/one-horizon.ch\/fr\/wp-json\/wp\/v2\/media?parent=121633"}],"wp:term":[{"taxonomy":"product_brand","embeddable":true,"href":"https:\/\/one-horizon.ch\/fr\/wp-json\/wp\/v2\/product_brand?post=121633"},{"taxonomy":"product_cat","embeddable":true,"href":"https:\/\/one-horizon.ch\/fr\/wp-json\/wp\/v2\/product_cat?post=121633"},{"taxonomy":"product_tag","embeddable":true,"href":"https:\/\/one-horizon.ch\/fr\/wp-json\/wp\/v2\/product_tag?post=121633"}],"curies":[{"name":"wp","href":"https:\/\/api.w.org\/{rel}","templated":true}]}}