{"id":121634,"date":"2026-05-03T13:22:12","date_gmt":"2026-05-03T11:22:12","guid":{"rendered":"https:\/\/one-horizon.ch\/product\/glasblock-kerzenhalter-vela-4er-set\/"},"modified":"2026-05-03T13:22:12","modified_gmt":"2026-05-03T11:22:12","slug":"glasblock-kerzenhalter-vela-4er-set","status":"publish","type":"product","link":"https:\/\/one-horizon.ch\/fr\/product\/glasblock-kerzenhalter-vela-4er-set\/","title":{"rendered":"Porte-bougies en verre Vela (4 pi\u00e8ces)"},"content":{"rendered":"<p>&gt;<br \/>\n  Des bougeoirs parall\u00e9l\u00e9pip\u00e9diques en verre color\u00e9 qui cr\u00e9ent des reflets lumineux captivants. Id\u00e9al pour les bougies chauffe-plat. Dimensions : 6 x 6 cm, 6 x 8 cm, 6 x 10, 6 x 12 cm.  <\/p>\n","protected":false},"excerpt":{"rendered":"<p>Set de 4 bougeoirs en bloc de verre Vela &#8211; intemporel, clair et \u00e9vocateur.<\/p>\n","protected":false},"featured_media":121750,"comment_status":"open","ping_status":"closed","template":"","meta":{"_acf_changed":false},"product_brand":[3039],"product_cat":[989],"product_tag":[],"class_list":{"0":"post-121634","1":"product","2":"type-product","3":"status-publish","4":"has-post-thumbnail","6":"product_brand-remember","7":"product_cat-bougies","9":"first","10":"onbackorder","11":"taxable","12":"shipping-taxable","13":"purchasable","14":"product-type-simple"},"acf":[],"_links":{"self":[{"href":"https:\/\/one-horizon.ch\/fr\/wp-json\/wp\/v2\/product\/121634","targetHints":{"allow":["GET"]}}],"collection":[{"href":"https:\/\/one-horizon.ch\/fr\/wp-json\/wp\/v2\/product"}],"about":[{"href":"https:\/\/one-horizon.ch\/fr\/wp-json\/wp\/v2\/types\/product"}],"replies":[{"embeddable":true,"href":"https:\/\/one-horizon.ch\/fr\/wp-json\/wp\/v2\/comments?post=121634"}],"wp:featuredmedia":[{"embeddable":true,"href":"https:\/\/one-horizon.ch\/fr\/wp-json\/wp\/v2\/media\/121750"}],"wp:attachment":[{"href":"https:\/\/one-horizon.ch\/fr\/wp-json\/wp\/v2\/media?parent=121634"}],"wp:term":[{"taxonomy":"product_brand","embeddable":true,"href":"https:\/\/one-horizon.ch\/fr\/wp-json\/wp\/v2\/product_brand?post=121634"},{"taxonomy":"product_cat","embeddable":true,"href":"https:\/\/one-horizon.ch\/fr\/wp-json\/wp\/v2\/product_cat?post=121634"},{"taxonomy":"product_tag","embeddable":true,"href":"https:\/\/one-horizon.ch\/fr\/wp-json\/wp\/v2\/product_tag?post=121634"}],"curies":[{"name":"wp","href":"https:\/\/api.w.org\/{rel}","templated":true}]}}