{"id":121637,"date":"2026-05-03T13:21:53","date_gmt":"2026-05-03T11:21:53","guid":{"rendered":"https:\/\/one-horizon.ch\/product\/teelicht-set-sydney-9er-set\/"},"modified":"2026-05-03T13:21:53","modified_gmt":"2026-05-03T11:21:53","slug":"teelicht-set-sydney-9er-set","status":"publish","type":"product","link":"https:\/\/one-horizon.ch\/fr\/product\/teelicht-set-sydney-9er-set\/","title":{"rendered":"Set de bougies chauffe-plat Sydney 9 pi\u00e8ces"},"content":{"rendered":"<p>&gt;<br \/>\n  Qui a dit que les bougies chauffe-plat devaient \u00eatre blanches ? Ce set comprend pas moins de 9 couleurs diff\u00e9rentes, \u00e0 combiner selon vos envies. Commerce \u00e9quitable, color\u00e9 avec des colorants \u00e9cologiques, sans paraffine, dur\u00e9e de combustion : env. 3 heures, mat\u00e9riau : cire de st\u00e9arine v\u00e9g\u00e9talienne, m\u00e8che en pur coton, enveloppe transparente en polycarbonate, dimensions : H 2 cm, \u00d8 3,8 cm  <\/p>\n","protected":false},"excerpt":{"rendered":"<p>Set de 9 bougies chauffe-plat Sydney &#8211; des bougies chauffe-plat color\u00e9es pour une ambiance chaleureuse.<\/p>\n","protected":false},"featured_media":121720,"comment_status":"open","ping_status":"closed","template":"","meta":{"_acf_changed":false},"product_brand":[3039],"product_cat":[989],"product_tag":[],"class_list":{"0":"post-121637","1":"product","2":"type-product","3":"status-publish","4":"has-post-thumbnail","6":"product_brand-remember","7":"product_cat-bougies","9":"first","10":"onbackorder","11":"taxable","12":"shipping-taxable","13":"purchasable","14":"product-type-simple"},"acf":[],"_links":{"self":[{"href":"https:\/\/one-horizon.ch\/fr\/wp-json\/wp\/v2\/product\/121637","targetHints":{"allow":["GET"]}}],"collection":[{"href":"https:\/\/one-horizon.ch\/fr\/wp-json\/wp\/v2\/product"}],"about":[{"href":"https:\/\/one-horizon.ch\/fr\/wp-json\/wp\/v2\/types\/product"}],"replies":[{"embeddable":true,"href":"https:\/\/one-horizon.ch\/fr\/wp-json\/wp\/v2\/comments?post=121637"}],"wp:featuredmedia":[{"embeddable":true,"href":"https:\/\/one-horizon.ch\/fr\/wp-json\/wp\/v2\/media\/121720"}],"wp:attachment":[{"href":"https:\/\/one-horizon.ch\/fr\/wp-json\/wp\/v2\/media?parent=121637"}],"wp:term":[{"taxonomy":"product_brand","embeddable":true,"href":"https:\/\/one-horizon.ch\/fr\/wp-json\/wp\/v2\/product_brand?post=121637"},{"taxonomy":"product_cat","embeddable":true,"href":"https:\/\/one-horizon.ch\/fr\/wp-json\/wp\/v2\/product_cat?post=121637"},{"taxonomy":"product_tag","embeddable":true,"href":"https:\/\/one-horizon.ch\/fr\/wp-json\/wp\/v2\/product_tag?post=121637"}],"curies":[{"name":"wp","href":"https:\/\/api.w.org\/{rel}","templated":true}]}}