{"id":121638,"date":"2026-05-03T13:22:05","date_gmt":"2026-05-03T11:22:05","guid":{"rendered":"https:\/\/one-horizon.ch\/product\/magnetischer-kerzenhalter-luna-6er-set-oval\/"},"modified":"2026-05-03T13:22:05","modified_gmt":"2026-05-03T11:22:05","slug":"magnetischer-kerzenhalter-luna-6er-set-oval","status":"publish","type":"product","link":"https:\/\/one-horizon.ch\/fr\/product\/magnetischer-kerzenhalter-luna-6er-set-oval\/","title":{"rendered":"Bougeoir magn\u00e9tique Luna (lot de 6) ovale"},"content":{"rendered":"<p>&gt;<br \/>\n  Id\u00e9al pour le rebord de la fen\u00eatre : le plateau ovale avec ses 5 bougeoirs magn\u00e9tiques s&#8217;adapte \u00e0 merveille aux surfaces \u00e9troites ou rectangulaires et peut \u00eatre d\u00e9cor\u00e9 \u00e0 l&#8217;infini, au gr\u00e9 de vos envies.<\/p>\n","protected":false},"excerpt":{"rendered":"<p>Syst\u00e8me de bougeoirs magn\u00e9tiques Luna &#8211; jeu de 6 ovales, animation \u00e9l\u00e9gante de la table.<\/p>\n","protected":false},"featured_media":121744,"comment_status":"open","ping_status":"closed","template":"","meta":{"_acf_changed":false},"product_brand":[3039],"product_cat":[989],"product_tag":[],"class_list":{"0":"post-121638","1":"product","2":"type-product","3":"status-publish","4":"has-post-thumbnail","6":"product_brand-remember","7":"product_cat-bougies","9":"first","10":"onbackorder","11":"taxable","12":"shipping-taxable","13":"purchasable","14":"product-type-simple"},"acf":[],"_links":{"self":[{"href":"https:\/\/one-horizon.ch\/fr\/wp-json\/wp\/v2\/product\/121638","targetHints":{"allow":["GET"]}}],"collection":[{"href":"https:\/\/one-horizon.ch\/fr\/wp-json\/wp\/v2\/product"}],"about":[{"href":"https:\/\/one-horizon.ch\/fr\/wp-json\/wp\/v2\/types\/product"}],"replies":[{"embeddable":true,"href":"https:\/\/one-horizon.ch\/fr\/wp-json\/wp\/v2\/comments?post=121638"}],"wp:featuredmedia":[{"embeddable":true,"href":"https:\/\/one-horizon.ch\/fr\/wp-json\/wp\/v2\/media\/121744"}],"wp:attachment":[{"href":"https:\/\/one-horizon.ch\/fr\/wp-json\/wp\/v2\/media?parent=121638"}],"wp:term":[{"taxonomy":"product_brand","embeddable":true,"href":"https:\/\/one-horizon.ch\/fr\/wp-json\/wp\/v2\/product_brand?post=121638"},{"taxonomy":"product_cat","embeddable":true,"href":"https:\/\/one-horizon.ch\/fr\/wp-json\/wp\/v2\/product_cat?post=121638"},{"taxonomy":"product_tag","embeddable":true,"href":"https:\/\/one-horizon.ch\/fr\/wp-json\/wp\/v2\/product_tag?post=121638"}],"curies":[{"name":"wp","href":"https:\/\/api.w.org\/{rel}","templated":true}]}}