{"id":121640,"date":"2026-05-03T13:21:46","date_gmt":"2026-05-03T11:21:46","guid":{"rendered":"https:\/\/one-horizon.ch\/product\/led-stabkerzen-set-ruka-2er-set\/"},"modified":"2026-05-03T13:21:46","modified_gmt":"2026-05-03T11:21:46","slug":"led-stabkerzen-set-ruka-2er-set","status":"publish","type":"product","link":"https:\/\/one-horizon.ch\/fr\/product\/led-stabkerzen-set-ruka-2er-set\/","title":{"rendered":"Ensemble de bougies LED sur tige Ruka (lot de 2)"},"content":{"rendered":"<p>&gt;<br \/>\n  Les bougies LED de haute qualit\u00e9 aux couleurs vives illuminent la maison facilement et en toute s\u00e9curit\u00e9. Comme elles sont recouvertes de cire de paraffine, elles ressemblent \u00e0 s&#8217;y m\u00e9prendre \u00e0 de &#8220;vraies&#8221; bougies et, gr\u00e2ce \u00e0 leur couleur de lumi\u00e8re blanche chaude, elles apportent du confort \u00e0 la maison sans aucun souci. T\u00e9l\u00e9commande (pile CR2025 incluse) ; Fonction : marche\/arr\u00eat ; Alimentation : 2x AAA (non fournies).  <\/p>\n","protected":false},"excerpt":{"rendered":"<p>Lot de 2 bougies LED sur tige Ruka &#8211; des bougies sur tige color\u00e9es sans risque d&#8217;incendie.<\/p>\n","protected":false},"featured_media":121714,"comment_status":"open","ping_status":"closed","template":"","meta":{"_acf_changed":false},"product_brand":[3039],"product_cat":[989],"product_tag":[],"class_list":{"0":"post-121640","1":"product","2":"type-product","3":"status-publish","4":"has-post-thumbnail","6":"product_brand-remember","7":"product_cat-bougies","9":"first","10":"onbackorder","11":"taxable","12":"shipping-taxable","13":"purchasable","14":"product-type-simple"},"acf":[],"_links":{"self":[{"href":"https:\/\/one-horizon.ch\/fr\/wp-json\/wp\/v2\/product\/121640","targetHints":{"allow":["GET"]}}],"collection":[{"href":"https:\/\/one-horizon.ch\/fr\/wp-json\/wp\/v2\/product"}],"about":[{"href":"https:\/\/one-horizon.ch\/fr\/wp-json\/wp\/v2\/types\/product"}],"replies":[{"embeddable":true,"href":"https:\/\/one-horizon.ch\/fr\/wp-json\/wp\/v2\/comments?post=121640"}],"wp:featuredmedia":[{"embeddable":true,"href":"https:\/\/one-horizon.ch\/fr\/wp-json\/wp\/v2\/media\/121714"}],"wp:attachment":[{"href":"https:\/\/one-horizon.ch\/fr\/wp-json\/wp\/v2\/media?parent=121640"}],"wp:term":[{"taxonomy":"product_brand","embeddable":true,"href":"https:\/\/one-horizon.ch\/fr\/wp-json\/wp\/v2\/product_brand?post=121640"},{"taxonomy":"product_cat","embeddable":true,"href":"https:\/\/one-horizon.ch\/fr\/wp-json\/wp\/v2\/product_cat?post=121640"},{"taxonomy":"product_tag","embeddable":true,"href":"https:\/\/one-horizon.ch\/fr\/wp-json\/wp\/v2\/product_tag?post=121640"}],"curies":[{"name":"wp","href":"https:\/\/api.w.org\/{rel}","templated":true}]}}