{"id":121643,"date":"2026-05-03T13:36:14","date_gmt":"2026-05-03T11:36:14","guid":{"rendered":"https:\/\/one-horizon.ch\/product\/flaschenoeffner\/"},"modified":"2026-05-03T13:36:14","modified_gmt":"2026-05-03T11:36:14","slug":"flaschenoeffner","status":"publish","type":"product","link":"https:\/\/one-horizon.ch\/fr\/product\/flaschenoeffner\/","title":{"rendered":"D\u00e9capsuleur"},"content":{"rendered":"<p>Pour tous ceux qui aiment les couleurs et les formes : un ouvre-bouteille plat et color\u00e9 de Remember &#8211; un vrai accroche-regard dans chaque cuisine et un super cadeau pour la prochaine f\u00eate.<\/p>\n","protected":false},"excerpt":{"rendered":"<p>Ouvre-bouteille color\u00e9 de Remember &#8211; pratique, \u00e9l\u00e9gant et un cadeau id\u00e9al pour les amateurs de f\u00eates.<\/p>\n","protected":false},"featured_media":121964,"comment_status":"open","ping_status":"closed","template":"","meta":{"_acf_changed":false},"product_brand":[3039],"product_cat":[1280],"product_tag":[],"class_list":{"0":"post-121643","1":"product","2":"type-product","3":"status-publish","4":"has-post-thumbnail","6":"product_brand-remember","7":"product_cat-vaisselle","9":"first","10":"onbackorder","11":"taxable","12":"shipping-taxable","13":"purchasable","14":"product-type-variable"},"acf":[],"_links":{"self":[{"href":"https:\/\/one-horizon.ch\/fr\/wp-json\/wp\/v2\/product\/121643","targetHints":{"allow":["GET"]}}],"collection":[{"href":"https:\/\/one-horizon.ch\/fr\/wp-json\/wp\/v2\/product"}],"about":[{"href":"https:\/\/one-horizon.ch\/fr\/wp-json\/wp\/v2\/types\/product"}],"replies":[{"embeddable":true,"href":"https:\/\/one-horizon.ch\/fr\/wp-json\/wp\/v2\/comments?post=121643"}],"wp:featuredmedia":[{"embeddable":true,"href":"https:\/\/one-horizon.ch\/fr\/wp-json\/wp\/v2\/media\/121964"}],"wp:attachment":[{"href":"https:\/\/one-horizon.ch\/fr\/wp-json\/wp\/v2\/media?parent=121643"}],"wp:term":[{"taxonomy":"product_brand","embeddable":true,"href":"https:\/\/one-horizon.ch\/fr\/wp-json\/wp\/v2\/product_brand?post=121643"},{"taxonomy":"product_cat","embeddable":true,"href":"https:\/\/one-horizon.ch\/fr\/wp-json\/wp\/v2\/product_cat?post=121643"},{"taxonomy":"product_tag","embeddable":true,"href":"https:\/\/one-horizon.ch\/fr\/wp-json\/wp\/v2\/product_tag?post=121643"}],"curies":[{"name":"wp","href":"https:\/\/api.w.org\/{rel}","templated":true}]}}