{"id":121661,"date":"2026-05-03T13:21:33","date_gmt":"2026-05-03T11:21:33","guid":{"rendered":"https:\/\/one-horizon.ch\/product\/hocker-max\/"},"modified":"2026-05-03T13:21:33","modified_gmt":"2026-05-03T11:21:33","slug":"hocker-max","status":"publish","type":"product","link":"https:\/\/one-horizon.ch\/fr\/product\/hocker-max\/","title":{"rendered":"Tabouret Max"},"content":{"rendered":"<p>&gt;<br \/>\n  Ce tabouret se caract\u00e9rise par une combinaison harmonieuse de couleurs qui lui conf\u00e8re une esth\u00e9tique \u00e0 la fois moderne et intemporelle. Sa hauteur de 45 centim\u00e8tres en fait un si\u00e8ge confortable, id\u00e9al pour \u00eatre utilis\u00e9 dans diff\u00e9rents endroits, que ce soit dans la cuisine, le salon ou le couloir. Que ce soit comme chaise suppl\u00e9mentaire, \u00e9l\u00e9ment d\u00e9coratif ou    <\/p>\n","protected":false},"excerpt":{"rendered":"<p>Tabouret Max en jaune vif &#8211; une v\u00e9ritable d\u00e9claration de couleur.<\/p>\n","protected":false},"featured_media":121702,"comment_status":"open","ping_status":"closed","template":"","meta":{"_acf_changed":false},"product_brand":[3039],"product_cat":[3257],"product_tag":[],"class_list":{"0":"post-121661","1":"product","2":"type-product","3":"status-publish","4":"has-post-thumbnail","6":"product_brand-remember","7":"product_cat-lampes-de-table","9":"first","10":"onbackorder","11":"taxable","12":"shipping-taxable","13":"purchasable","14":"product-type-simple"},"acf":[],"_links":{"self":[{"href":"https:\/\/one-horizon.ch\/fr\/wp-json\/wp\/v2\/product\/121661","targetHints":{"allow":["GET"]}}],"collection":[{"href":"https:\/\/one-horizon.ch\/fr\/wp-json\/wp\/v2\/product"}],"about":[{"href":"https:\/\/one-horizon.ch\/fr\/wp-json\/wp\/v2\/types\/product"}],"replies":[{"embeddable":true,"href":"https:\/\/one-horizon.ch\/fr\/wp-json\/wp\/v2\/comments?post=121661"}],"wp:featuredmedia":[{"embeddable":true,"href":"https:\/\/one-horizon.ch\/fr\/wp-json\/wp\/v2\/media\/121702"}],"wp:attachment":[{"href":"https:\/\/one-horizon.ch\/fr\/wp-json\/wp\/v2\/media?parent=121661"}],"wp:term":[{"taxonomy":"product_brand","embeddable":true,"href":"https:\/\/one-horizon.ch\/fr\/wp-json\/wp\/v2\/product_brand?post=121661"},{"taxonomy":"product_cat","embeddable":true,"href":"https:\/\/one-horizon.ch\/fr\/wp-json\/wp\/v2\/product_cat?post=121661"},{"taxonomy":"product_tag","embeddable":true,"href":"https:\/\/one-horizon.ch\/fr\/wp-json\/wp\/v2\/product_tag?post=121661"}],"curies":[{"name":"wp","href":"https:\/\/api.w.org\/{rel}","templated":true}]}}