{"id":121662,"date":"2026-05-03T13:35:25","date_gmt":"2026-05-03T11:35:25","guid":{"rendered":"https:\/\/one-horizon.ch\/product\/brotkorb\/"},"modified":"2026-05-03T13:35:25","modified_gmt":"2026-05-03T11:35:25","slug":"brotkorb","status":"publish","type":"product","link":"https:\/\/one-horizon.ch\/fr\/product\/brotkorb\/","title":{"rendered":"Corbeille \u00e0 pain"},"content":{"rendered":"<p>La corbeille \u00e0 pain textile fait de chaque petit-d\u00e9jeuner une petite f\u00eate. Avec ses couleurs gaies, elle met de l&#8217;animation sur la table &#8211; pour les petits pains, le pain, les croissants et autres. <\/p>\n","protected":false},"excerpt":{"rendered":"<p>Corbeille \u00e0 pain textile color\u00e9e de Remember &#8211; pratique, \u00e9l\u00e9gante et qui attire l&#8217;attention sur la table du petit d\u00e9jeuner.<\/p>\n","protected":false},"featured_media":122024,"comment_status":"open","ping_status":"closed","template":"","meta":{"_acf_changed":false},"product_brand":[3039],"product_cat":[1280],"product_tag":[],"class_list":{"0":"post-121662","1":"product","2":"type-product","3":"status-publish","4":"has-post-thumbnail","6":"product_brand-remember","7":"product_cat-vaisselle","9":"first","10":"onbackorder","11":"taxable","12":"shipping-taxable","13":"purchasable","14":"product-type-variable"},"acf":[],"_links":{"self":[{"href":"https:\/\/one-horizon.ch\/fr\/wp-json\/wp\/v2\/product\/121662","targetHints":{"allow":["GET"]}}],"collection":[{"href":"https:\/\/one-horizon.ch\/fr\/wp-json\/wp\/v2\/product"}],"about":[{"href":"https:\/\/one-horizon.ch\/fr\/wp-json\/wp\/v2\/types\/product"}],"replies":[{"embeddable":true,"href":"https:\/\/one-horizon.ch\/fr\/wp-json\/wp\/v2\/comments?post=121662"}],"wp:featuredmedia":[{"embeddable":true,"href":"https:\/\/one-horizon.ch\/fr\/wp-json\/wp\/v2\/media\/122024"}],"wp:attachment":[{"href":"https:\/\/one-horizon.ch\/fr\/wp-json\/wp\/v2\/media?parent=121662"}],"wp:term":[{"taxonomy":"product_brand","embeddable":true,"href":"https:\/\/one-horizon.ch\/fr\/wp-json\/wp\/v2\/product_brand?post=121662"},{"taxonomy":"product_cat","embeddable":true,"href":"https:\/\/one-horizon.ch\/fr\/wp-json\/wp\/v2\/product_cat?post=121662"},{"taxonomy":"product_tag","embeddable":true,"href":"https:\/\/one-horizon.ch\/fr\/wp-json\/wp\/v2\/product_tag?post=121662"}],"curies":[{"name":"wp","href":"https:\/\/api.w.org\/{rel}","templated":true}]}}