{"id":122422,"date":"2026-05-03T17:38:34","date_gmt":"2026-05-03T15:38:34","guid":{"rendered":"https:\/\/one-horizon.ch\/product\/lunch-kuehltasche-remember\/"},"modified":"2026-05-04T00:52:48","modified_gmt":"2026-05-03T22:52:48","slug":"lunch-kuehltasche-remember","status":"publish","type":"product","link":"https:\/\/one-horizon.ch\/fr\/product\/lunch-kuehltasche-remember\/","title":{"rendered":"Sac isotherme pour le d\u00e9jeuner | Remember"},"content":{"rendered":"<p>Une journ\u00e9e fra\u00eeche &#8211; avec style. Le sac isotherme pour le d\u00e9jeuner de Remember garde les provisions et les boissons au frais jusqu&#8217;\u00e0 la pause d\u00e9jeuner et fait bonne figure. <\/p>\n<p>Deux compartiments s\u00e9par\u00e9s \u00e0 fermeture \u00e9clair permettent de ranger les accumulateurs de froid dans le compartiment inf\u00e9rieur et le repas proprement dit dans le compartiment sup\u00e9rieur. La bandouli\u00e8re permet de l&#8217;emporter facilement au bureau, en pique-nique ou lors d&#8217;un prochain voyage en voiture. <\/p>\n<p><strong>D\u00e9tails du produit :<\/strong> Volume d&#8217;environ 9 l, 2 compartiments avec chacun leur propre fermeture \u00e9clair, sangle de transport, diff\u00e9rents designs<\/p>\n","protected":false},"excerpt":{"rendered":"<p>Sac isotherme pratique pour le d\u00e9jeuner de Remember avec une capacit\u00e9 d&#8217;environ 9 l et deux compartiments zipp\u00e9s &#8211; id\u00e9al pour le bureau, les pique-niques ou les voyages.<\/p>\n","protected":false},"featured_media":122245,"comment_status":"open","ping_status":"closed","template":"","meta":{"_acf_changed":false},"product_brand":[3039],"product_cat":[1392],"product_tag":[],"class_list":{"0":"post-122422","1":"product","2":"type-product","3":"status-publish","4":"has-post-thumbnail","6":"product_brand-remember","7":"product_cat-cuisine","9":"first","10":"onbackorder","11":"taxable","12":"shipping-taxable","13":"purchasable","14":"product-type-variable"},"acf":[],"_links":{"self":[{"href":"https:\/\/one-horizon.ch\/fr\/wp-json\/wp\/v2\/product\/122422","targetHints":{"allow":["GET"]}}],"collection":[{"href":"https:\/\/one-horizon.ch\/fr\/wp-json\/wp\/v2\/product"}],"about":[{"href":"https:\/\/one-horizon.ch\/fr\/wp-json\/wp\/v2\/types\/product"}],"replies":[{"embeddable":true,"href":"https:\/\/one-horizon.ch\/fr\/wp-json\/wp\/v2\/comments?post=122422"}],"wp:featuredmedia":[{"embeddable":true,"href":"https:\/\/one-horizon.ch\/fr\/wp-json\/wp\/v2\/media\/122245"}],"wp:attachment":[{"href":"https:\/\/one-horizon.ch\/fr\/wp-json\/wp\/v2\/media?parent=122422"}],"wp:term":[{"taxonomy":"product_brand","embeddable":true,"href":"https:\/\/one-horizon.ch\/fr\/wp-json\/wp\/v2\/product_brand?post=122422"},{"taxonomy":"product_cat","embeddable":true,"href":"https:\/\/one-horizon.ch\/fr\/wp-json\/wp\/v2\/product_cat?post=122422"},{"taxonomy":"product_tag","embeddable":true,"href":"https:\/\/one-horizon.ch\/fr\/wp-json\/wp\/v2\/product_tag?post=122422"}],"curies":[{"name":"wp","href":"https:\/\/api.w.org\/{rel}","templated":true}]}}