{"id":122436,"date":"2026-05-03T17:37:12","date_gmt":"2026-05-03T15:37:12","guid":{"rendered":"https:\/\/one-horizon.ch\/product\/canvas-tasche-remember\/"},"modified":"2026-05-03T17:37:12","modified_gmt":"2026-05-03T15:37:12","slug":"canvas-tasche-remember","status":"publish","type":"product","link":"https:\/\/one-horizon.ch\/fr\/product\/canvas-tasche-remember\/","title":{"rendered":"Sac en toile | Remember"},"content":{"rendered":"<p>Grand, d\u00e9contract\u00e9 et bien pens\u00e9 de bout en bout. Le sac en toile de Remember est le compagnon id\u00e9al pour tout ce que la journ\u00e9e vous r\u00e9serve, de la pause d\u00e9jeuner \u00e0 la journ\u00e9e \u00e0 la plage. <\/p>\n<p>Le bouton magn\u00e9tique permet de fermer le sac en toute s\u00e9curit\u00e9, sans le coincer. \u00c0 l&#8217;int\u00e9rieur, une poche zipp\u00e9e permet de garder ses cl\u00e9s et son t\u00e9l\u00e9phone portable \u00e0 port\u00e9e de main. La pochette amovible sur la bandouli\u00e8re est un bonus pratique dont on ne peut rapidement plus se passer.  <\/p>\n<p><strong>D\u00e9tails du produit :<\/strong> fermeture par bouton magn\u00e9tique, poche int\u00e9rieure zipp\u00e9e, pochette amovible, bandouli\u00e8re courte 58 cm \/ longue 85 cm, conseil d&#8217;entretien : lavage \u00e0 la main<\/p>\n","protected":false},"excerpt":{"rendered":"<p>Sac en toile d\u00e9contract\u00e9 de Remember avec fermeture magn\u00e9tique, poche int\u00e9rieure et pochette d\u00e9tachable &#8211; pour le shopping, la plage et la vie quotidienne.<\/p>\n","protected":false},"featured_media":122151,"comment_status":"open","ping_status":"closed","template":"","meta":{"_acf_changed":false},"product_brand":[3039],"product_cat":[1298],"product_tag":[],"class_list":{"0":"post-122436","1":"product","2":"type-product","3":"status-publish","4":"has-post-thumbnail","6":"product_brand-remember","7":"product_cat-sacs-a-provisions","9":"first","10":"onbackorder","11":"taxable","12":"shipping-taxable","13":"purchasable","14":"product-type-variable"},"acf":[],"_links":{"self":[{"href":"https:\/\/one-horizon.ch\/fr\/wp-json\/wp\/v2\/product\/122436","targetHints":{"allow":["GET"]}}],"collection":[{"href":"https:\/\/one-horizon.ch\/fr\/wp-json\/wp\/v2\/product"}],"about":[{"href":"https:\/\/one-horizon.ch\/fr\/wp-json\/wp\/v2\/types\/product"}],"replies":[{"embeddable":true,"href":"https:\/\/one-horizon.ch\/fr\/wp-json\/wp\/v2\/comments?post=122436"}],"wp:featuredmedia":[{"embeddable":true,"href":"https:\/\/one-horizon.ch\/fr\/wp-json\/wp\/v2\/media\/122151"}],"wp:attachment":[{"href":"https:\/\/one-horizon.ch\/fr\/wp-json\/wp\/v2\/media?parent=122436"}],"wp:term":[{"taxonomy":"product_brand","embeddable":true,"href":"https:\/\/one-horizon.ch\/fr\/wp-json\/wp\/v2\/product_brand?post=122436"},{"taxonomy":"product_cat","embeddable":true,"href":"https:\/\/one-horizon.ch\/fr\/wp-json\/wp\/v2\/product_cat?post=122436"},{"taxonomy":"product_tag","embeddable":true,"href":"https:\/\/one-horizon.ch\/fr\/wp-json\/wp\/v2\/product_tag?post=122436"}],"curies":[{"name":"wp","href":"https:\/\/api.w.org\/{rel}","templated":true}]}}