{"id":122442,"date":"2026-05-03T17:31:30","date_gmt":"2026-05-03T15:31:30","guid":{"rendered":"https:\/\/one-horizon.ch\/product\/geschirrtuecher-2er-set-remember\/"},"modified":"2026-05-03T17:31:30","modified_gmt":"2026-05-03T15:31:30","slug":"geschirrtuecher-2er-set-remember","status":"publish","type":"product","link":"https:\/\/one-horizon.ch\/fr\/product\/geschirrtuecher-2er-set-remember\/","title":{"rendered":"Set de 2 torchons | Remember"},"content":{"rendered":"<p>M\u00eame la vaisselle devient un plaisir. Ces torchons de cuisine de Remember apportent de la couleur et du caract\u00e8re \u00e0 l&#8217;\u00e9vier &#8211; avec des motifs originaux qui mettent de l&#8217;ambiance avant m\u00eame que le premier caf\u00e9 ne soit pr\u00eat. <\/p>\n<p>Chaque set de 2 lingettes contient deux lingettes assorties en pur coton : tr\u00e8s absorbantes, ind\u00e9formables et lavables \u00e0 60 \u00b0C sans probl\u00e8me. Parfaites pour se faire plaisir &#8211; ou comme cadeau pour les personnes qui aiment les belles choses au quotidien. <\/p>\n<p><strong>D\u00e9tails du produit :<\/strong> 2 torchons de cuisine par set, motifs diff\u00e9rents, 100 % coton, lavable \u00e0 60 \u00b0C<\/p>\n","protected":false},"excerpt":{"rendered":"<p>Deux torchons assortis 100 % coton dans un design Remember color\u00e9 &#8211; lavables \u00e0 60 \u00b0C. Un style frais pour chaque cuisine. <\/p>\n","protected":false},"featured_media":122032,"comment_status":"open","ping_status":"closed","template":"","meta":{"_acf_changed":false},"product_brand":[3039],"product_cat":[3229],"product_tag":[],"class_list":{"0":"post-122442","1":"product","2":"type-product","3":"status-publish","4":"has-post-thumbnail","6":"product_brand-remember","7":"product_cat-textiles-de-salle-de-bain-et-de-cuisine","9":"first","10":"onbackorder","11":"taxable","12":"shipping-taxable","13":"purchasable","14":"product-type-variable"},"acf":[],"_links":{"self":[{"href":"https:\/\/one-horizon.ch\/fr\/wp-json\/wp\/v2\/product\/122442","targetHints":{"allow":["GET"]}}],"collection":[{"href":"https:\/\/one-horizon.ch\/fr\/wp-json\/wp\/v2\/product"}],"about":[{"href":"https:\/\/one-horizon.ch\/fr\/wp-json\/wp\/v2\/types\/product"}],"replies":[{"embeddable":true,"href":"https:\/\/one-horizon.ch\/fr\/wp-json\/wp\/v2\/comments?post=122442"}],"wp:featuredmedia":[{"embeddable":true,"href":"https:\/\/one-horizon.ch\/fr\/wp-json\/wp\/v2\/media\/122032"}],"wp:attachment":[{"href":"https:\/\/one-horizon.ch\/fr\/wp-json\/wp\/v2\/media?parent=122442"}],"wp:term":[{"taxonomy":"product_brand","embeddable":true,"href":"https:\/\/one-horizon.ch\/fr\/wp-json\/wp\/v2\/product_brand?post=122442"},{"taxonomy":"product_cat","embeddable":true,"href":"https:\/\/one-horizon.ch\/fr\/wp-json\/wp\/v2\/product_cat?post=122442"},{"taxonomy":"product_tag","embeddable":true,"href":"https:\/\/one-horizon.ch\/fr\/wp-json\/wp\/v2\/product_tag?post=122442"}],"curies":[{"name":"wp","href":"https:\/\/api.w.org\/{rel}","templated":true}]}}