{"id":122452,"date":"2026-05-03T17:36:20","date_gmt":"2026-05-03T15:36:20","guid":{"rendered":"https:\/\/one-horizon.ch\/product\/taschenschirm-mit-automatik-remember\/"},"modified":"2026-05-03T17:36:20","modified_gmt":"2026-05-03T15:36:20","slug":"taschenschirm-mit-automatik-remember","status":"publish","type":"product","link":"https:\/\/one-horizon.ch\/fr\/product\/taschenschirm-mit-automatik-remember\/","title":{"rendered":"Parapluie de poche automatique | Remember"},"content":{"rendered":"<p>Mauvais temps, bonne humeur &#8211; c&#8217;est possible. Ce parapluie de poche de Remember fait passer l&#8217;averse au second plan : il suffit d&#8217;appuyer sur un bouton pour \u00eatre au sec en dessous. Et une fois l&#8217;averse pass\u00e9e, il dispara\u00eet tout aussi rapidement dans sa housse de protection aux couleurs assorties.  <\/p>\n<p>La dragonne en caoutchouc assure une bonne prise en main et le bouton automatique permet d&#8217;ouvrir et de fermer le sac sans effort. Suffisamment compact pour \u00eatre gliss\u00e9 dans un sac \u00e0 main &#8211; et suffisamment voyant pour ne jamais le perdre. <\/p>\n<p><strong>D\u00e9tails du produit :<\/strong> bouton automatique, boucle de poignet, housse de protection incluse, longueur ouverte : 58 cm, \u00d8 100 cm<\/p>\n","protected":false},"excerpt":{"rendered":"<p>Parapluie de poche compact de Remember avec bouton automatique &#8211; se glisse dans n&#8217;importe quel sac \u00e0 main. Livr\u00e9 avec une housse de protection de couleur assortie et une dragonne pour le poignet. <\/p>\n","protected":false},"featured_media":122112,"comment_status":"open","ping_status":"closed","template":"","meta":{"_acf_changed":false},"product_brand":[3039],"product_cat":[3532],"product_tag":[],"class_list":{"0":"post-122452","1":"product","2":"type-product","3":"status-publish","4":"has-post-thumbnail","6":"product_brand-remember","7":"product_cat-parapluies","9":"first","10":"onbackorder","11":"taxable","12":"shipping-taxable","13":"purchasable","14":"product-type-variable"},"acf":[],"_links":{"self":[{"href":"https:\/\/one-horizon.ch\/fr\/wp-json\/wp\/v2\/product\/122452","targetHints":{"allow":["GET"]}}],"collection":[{"href":"https:\/\/one-horizon.ch\/fr\/wp-json\/wp\/v2\/product"}],"about":[{"href":"https:\/\/one-horizon.ch\/fr\/wp-json\/wp\/v2\/types\/product"}],"replies":[{"embeddable":true,"href":"https:\/\/one-horizon.ch\/fr\/wp-json\/wp\/v2\/comments?post=122452"}],"wp:featuredmedia":[{"embeddable":true,"href":"https:\/\/one-horizon.ch\/fr\/wp-json\/wp\/v2\/media\/122112"}],"wp:attachment":[{"href":"https:\/\/one-horizon.ch\/fr\/wp-json\/wp\/v2\/media?parent=122452"}],"wp:term":[{"taxonomy":"product_brand","embeddable":true,"href":"https:\/\/one-horizon.ch\/fr\/wp-json\/wp\/v2\/product_brand?post=122452"},{"taxonomy":"product_cat","embeddable":true,"href":"https:\/\/one-horizon.ch\/fr\/wp-json\/wp\/v2\/product_cat?post=122452"},{"taxonomy":"product_tag","embeddable":true,"href":"https:\/\/one-horizon.ch\/fr\/wp-json\/wp\/v2\/product_tag?post=122452"}],"curies":[{"name":"wp","href":"https:\/\/api.w.org\/{rel}","templated":true}]}}