{"id":122467,"date":"2026-05-03T17:47:31","date_gmt":"2026-05-03T15:47:31","guid":{"rendered":"https:\/\/one-horizon.ch\/product\/glaskaraffe-remember\/"},"modified":"2026-05-03T17:47:31","modified_gmt":"2026-05-03T15:47:31","slug":"glaskaraffe-remember","status":"publish","type":"product","link":"https:\/\/one-horizon.ch\/fr\/product\/glaskaraffe-remember\/","title":{"rendered":"Carafe en verre | Remember"},"content":{"rendered":"<p>Certaines choses n&#8217;ont pas besoin de motifs ou de couleurs &#8211; juste de la bonne forme. Cette carafe en verre de Remember en verre borosilicat\u00e9 de haute qualit\u00e9 est exactement cela : \u00e9l\u00e9gante, fonctionnelle et un petit plaisir quotidien. <\/p>\n<p>Le verre borosilicat\u00e9 est plus fin et plus l\u00e9ger que le verre ordinaire et supporte sans probl\u00e8me les changements de temp\u00e9rature les plus extr\u00eames, de l&#8217;eau glac\u00e9e \u00e0 la tisane chaude. Pour les boissons color\u00e9es, la carafe joue avec la lumi\u00e8re : un jeu de couleurs silencieux et charmant sur la table. <\/p>\n<p><strong>D\u00e9tails du produit :<\/strong> verre borosilicat\u00e9, capacit\u00e9 de 1110 ml, r\u00e9sistant \u00e0 la chaleur jusqu&#8217;\u00e0 300 \u00b0C, lavable au lave-vaisselle, adapt\u00e9 au micro-ondes<\/p>\n","protected":false},"excerpt":{"rendered":"<p>El\u00e9gante carafe en verre borosilicat\u00e9 de Remember &#8211; 1110 ml, r\u00e9sistante \u00e0 la chaleur jusqu&#8217;\u00e0 300 \u00b0C. Passe au lave-vaisselle et au micro-ondes. <\/p>\n","protected":false},"featured_media":122368,"comment_status":"open","ping_status":"closed","template":"","meta":{"_acf_changed":false},"product_brand":[3039],"product_cat":[3540],"product_tag":[],"class_list":{"0":"post-122467","1":"product","2":"type-product","3":"status-publish","4":"has-post-thumbnail","6":"product_brand-remember","7":"product_cat-verres-et-gobelets","9":"first","10":"onbackorder","11":"taxable","12":"shipping-taxable","13":"purchasable","14":"product-type-simple"},"acf":[],"_links":{"self":[{"href":"https:\/\/one-horizon.ch\/fr\/wp-json\/wp\/v2\/product\/122467","targetHints":{"allow":["GET"]}}],"collection":[{"href":"https:\/\/one-horizon.ch\/fr\/wp-json\/wp\/v2\/product"}],"about":[{"href":"https:\/\/one-horizon.ch\/fr\/wp-json\/wp\/v2\/types\/product"}],"replies":[{"embeddable":true,"href":"https:\/\/one-horizon.ch\/fr\/wp-json\/wp\/v2\/comments?post=122467"}],"wp:featuredmedia":[{"embeddable":true,"href":"https:\/\/one-horizon.ch\/fr\/wp-json\/wp\/v2\/media\/122368"}],"wp:attachment":[{"href":"https:\/\/one-horizon.ch\/fr\/wp-json\/wp\/v2\/media?parent=122467"}],"wp:term":[{"taxonomy":"product_brand","embeddable":true,"href":"https:\/\/one-horizon.ch\/fr\/wp-json\/wp\/v2\/product_brand?post=122467"},{"taxonomy":"product_cat","embeddable":true,"href":"https:\/\/one-horizon.ch\/fr\/wp-json\/wp\/v2\/product_cat?post=122467"},{"taxonomy":"product_tag","embeddable":true,"href":"https:\/\/one-horizon.ch\/fr\/wp-json\/wp\/v2\/product_tag?post=122467"}],"curies":[{"name":"wp","href":"https:\/\/api.w.org\/{rel}","templated":true}]}}