{"id":122471,"date":"2026-05-03T17:44:32","date_gmt":"2026-05-03T15:44:32","guid":{"rendered":"https:\/\/one-horizon.ch\/product\/handtuch-remember\/"},"modified":"2026-05-03T17:44:32","modified_gmt":"2026-05-03T15:44:32","slug":"handtuch-remember","status":"publish","type":"product","link":"https:\/\/one-horizon.ch\/fr\/product\/handtuch-remember\/","title":{"rendered":"Serviette | Remember"},"content":{"rendered":"<p>De la couleur pour la salle de bain &#8211; en abondance. Ces serviettes de bain Remember en pur coton apportent un design \u00e0 rayures frais dans votre salle de bain et s&#8217;accordent parfaitement avec les tapis de bain, les ensembles de gants de toilette et les trousses de toilette de la gamme salle de bain Remember. <\/p>\n<p>Suffisamment doux pour le quotidien, suffisamment color\u00e9 pour rendre le matin plus agr\u00e9able. Et suffisamment robuste pour que tout cela dure encore longtemps. <\/p>\n<p><strong>D\u00e9tails du produit :<\/strong> 100 % coton, design \u00e0 rayures, lavable \u00e0 60 \u00b0C, diff\u00e9rentes combinaisons de couleurs, assorti \u00e0 la s\u00e9rie de salle de bain Remember<\/p>\n","protected":false},"excerpt":{"rendered":"<p>Serviette douce 100 % coton de Remember avec un design \u00e0 rayures color\u00e9 &#8211; lavable \u00e0 60 \u00b0C. Fait partie de la gamme salle de bain Remember. <\/p>\n","protected":false},"featured_media":122311,"comment_status":"open","ping_status":"closed","template":"","meta":{"_acf_changed":false},"product_brand":[3039],"product_cat":[3229],"product_tag":[],"class_list":{"0":"post-122471","1":"product","2":"type-product","3":"status-publish","4":"has-post-thumbnail","6":"product_brand-remember","7":"product_cat-textiles-de-salle-de-bain-et-de-cuisine","9":"first","10":"onbackorder","11":"taxable","12":"shipping-taxable","13":"purchasable","14":"product-type-variable"},"acf":[],"_links":{"self":[{"href":"https:\/\/one-horizon.ch\/fr\/wp-json\/wp\/v2\/product\/122471","targetHints":{"allow":["GET"]}}],"collection":[{"href":"https:\/\/one-horizon.ch\/fr\/wp-json\/wp\/v2\/product"}],"about":[{"href":"https:\/\/one-horizon.ch\/fr\/wp-json\/wp\/v2\/types\/product"}],"replies":[{"embeddable":true,"href":"https:\/\/one-horizon.ch\/fr\/wp-json\/wp\/v2\/comments?post=122471"}],"wp:featuredmedia":[{"embeddable":true,"href":"https:\/\/one-horizon.ch\/fr\/wp-json\/wp\/v2\/media\/122311"}],"wp:attachment":[{"href":"https:\/\/one-horizon.ch\/fr\/wp-json\/wp\/v2\/media?parent=122471"}],"wp:term":[{"taxonomy":"product_brand","embeddable":true,"href":"https:\/\/one-horizon.ch\/fr\/wp-json\/wp\/v2\/product_brand?post=122471"},{"taxonomy":"product_cat","embeddable":true,"href":"https:\/\/one-horizon.ch\/fr\/wp-json\/wp\/v2\/product_cat?post=122471"},{"taxonomy":"product_tag","embeddable":true,"href":"https:\/\/one-horizon.ch\/fr\/wp-json\/wp\/v2\/product_tag?post=122471"}],"curies":[{"name":"wp","href":"https:\/\/api.w.org\/{rel}","templated":true}]}}