{"id":122472,"date":"2026-05-03T17:46:45","date_gmt":"2026-05-03T15:46:45","guid":{"rendered":"https:\/\/one-horizon.ch\/product\/topflappen-2er-set-remember\/"},"modified":"2026-05-03T17:46:45","modified_gmt":"2026-05-03T15:46:45","slug":"topflappen-2er-set-remember","status":"publish","type":"product","link":"https:\/\/one-horizon.ch\/fr\/product\/topflappen-2er-set-remember\/","title":{"rendered":"Maniques, lot de 2 | Remember"},"content":{"rendered":"<p>Attention, c&#8217;est chaud ! Mais aussi : attention, trop beau ! Ces maniques de Remember sont si d\u00e9coratives qu&#8217;on ne voudrait presque pas les utiliser &#8211; et si pratiques qu&#8217;on le fait quand m\u00eame.  <\/p>\n<p>Chaque set de deux maniques se compose de deux maniques assorties en coton de haute qualit\u00e9 dans des designs diff\u00e9rents et harmonieux. Ils prot\u00e8gent efficacement de la chaleur tout en faisant bonne impression sur chaque casserole. <\/p>\n<p><strong>D\u00e9tails du produit :<\/strong> set de 2 maniques, 100 % coton, lavable \u00e0 40 \u00b0C, diff\u00e9rents motifs disponibles<\/p>\n","protected":false},"excerpt":{"rendered":"<p>Lot de 2 maniques d\u00e9coratives 100 % coton de Remember &#8211; deux motifs assortis, lavables \u00e0 40 \u00b0C. Styl\u00e9 et pratique. <\/p>\n","protected":false},"featured_media":122353,"comment_status":"open","ping_status":"closed","template":"","meta":{"_acf_changed":false},"product_brand":[3039],"product_cat":[3229],"product_tag":[],"class_list":{"0":"post-122472","1":"product","2":"type-product","3":"status-publish","4":"has-post-thumbnail","6":"product_brand-remember","7":"product_cat-textiles-de-salle-de-bain-et-de-cuisine","9":"first","10":"onbackorder","11":"taxable","12":"shipping-taxable","13":"purchasable","14":"product-type-variable"},"acf":[],"_links":{"self":[{"href":"https:\/\/one-horizon.ch\/fr\/wp-json\/wp\/v2\/product\/122472","targetHints":{"allow":["GET"]}}],"collection":[{"href":"https:\/\/one-horizon.ch\/fr\/wp-json\/wp\/v2\/product"}],"about":[{"href":"https:\/\/one-horizon.ch\/fr\/wp-json\/wp\/v2\/types\/product"}],"replies":[{"embeddable":true,"href":"https:\/\/one-horizon.ch\/fr\/wp-json\/wp\/v2\/comments?post=122472"}],"wp:featuredmedia":[{"embeddable":true,"href":"https:\/\/one-horizon.ch\/fr\/wp-json\/wp\/v2\/media\/122353"}],"wp:attachment":[{"href":"https:\/\/one-horizon.ch\/fr\/wp-json\/wp\/v2\/media?parent=122472"}],"wp:term":[{"taxonomy":"product_brand","embeddable":true,"href":"https:\/\/one-horizon.ch\/fr\/wp-json\/wp\/v2\/product_brand?post=122472"},{"taxonomy":"product_cat","embeddable":true,"href":"https:\/\/one-horizon.ch\/fr\/wp-json\/wp\/v2\/product_cat?post=122472"},{"taxonomy":"product_tag","embeddable":true,"href":"https:\/\/one-horizon.ch\/fr\/wp-json\/wp\/v2\/product_tag?post=122472"}],"curies":[{"name":"wp","href":"https:\/\/api.w.org\/{rel}","templated":true}]}}