{"id":122488,"date":"2026-05-03T17:44:03","date_gmt":"2026-05-03T15:44:03","guid":{"rendered":"https:\/\/one-horizon.ch\/product\/strandtuch-hamam-remember\/"},"modified":"2026-05-03T17:44:03","modified_gmt":"2026-05-03T15:44:03","slug":"strandtuch-hamam-remember","status":"publish","type":"product","link":"https:\/\/one-horizon.ch\/fr\/product\/strandtuch-hamam-remember\/","title":{"rendered":"Serviette de plage Hamam | Remember"},"content":{"rendered":"<p>Une serviette qui en fait beaucoup. Le drap de plage pour hammam de Remember est \u00e0 la fois un drap de bain, un drap \u00e0 langer et une couverture d&#8217;\u00e9t\u00e9 &#8211; et il passe d&#8217;un r\u00f4le \u00e0 l&#8217;autre en un clin d&#8217;\u0153il. <\/p>\n<p>D&#8217;un c\u00f4t\u00e9, un tissu \u00e9ponge doux pour se frotter, de l&#8217;autre, un coton lisse pour s&#8217;allonger. La pochette int\u00e9gr\u00e9e avec fermeture velcro accueille en toute s\u00e9curit\u00e9 cl\u00e9s, pi\u00e8ces de monnaie et t\u00e9l\u00e9phone portable &#8211; sans bosseler le tissu. Le sac de plage et le coussin de plage de la collection Remember sont assortis.  <\/p>\n<p><strong>D\u00e9tails du produit :<\/strong> m\u00e9lange \u00e9ponge \/ coton, poche int\u00e9gr\u00e9e avec fermeture velcro, lavable \u00e0 40 \u00b0C, diff\u00e9rents designs<\/p>\n","protected":false},"excerpt":{"rendered":"<p>Serviette de plage l\u00e9g\u00e8re pour hammam de Remember : r\u00e9versible, avec poche velcro int\u00e9gr\u00e9e. S\u00e9chage rapide, lavable \u00e0 40 \u00b0C. <\/p>\n","protected":false},"featured_media":122284,"comment_status":"open","ping_status":"closed","template":"","meta":{"_acf_changed":false},"product_brand":[3039],"product_cat":[3565,3229],"product_tag":[],"class_list":{"0":"post-122488","1":"product","2":"type-product","3":"status-publish","4":"has-post-thumbnail","6":"product_brand-remember","7":"product_cat-plage-eau","8":"product_cat-textiles-de-salle-de-bain-et-de-cuisine","10":"first","11":"onbackorder","12":"taxable","13":"shipping-taxable","14":"purchasable","15":"product-type-variable"},"acf":[],"_links":{"self":[{"href":"https:\/\/one-horizon.ch\/fr\/wp-json\/wp\/v2\/product\/122488","targetHints":{"allow":["GET"]}}],"collection":[{"href":"https:\/\/one-horizon.ch\/fr\/wp-json\/wp\/v2\/product"}],"about":[{"href":"https:\/\/one-horizon.ch\/fr\/wp-json\/wp\/v2\/types\/product"}],"replies":[{"embeddable":true,"href":"https:\/\/one-horizon.ch\/fr\/wp-json\/wp\/v2\/comments?post=122488"}],"wp:featuredmedia":[{"embeddable":true,"href":"https:\/\/one-horizon.ch\/fr\/wp-json\/wp\/v2\/media\/122284"}],"wp:attachment":[{"href":"https:\/\/one-horizon.ch\/fr\/wp-json\/wp\/v2\/media?parent=122488"}],"wp:term":[{"taxonomy":"product_brand","embeddable":true,"href":"https:\/\/one-horizon.ch\/fr\/wp-json\/wp\/v2\/product_brand?post=122488"},{"taxonomy":"product_cat","embeddable":true,"href":"https:\/\/one-horizon.ch\/fr\/wp-json\/wp\/v2\/product_cat?post=122488"},{"taxonomy":"product_tag","embeddable":true,"href":"https:\/\/one-horizon.ch\/fr\/wp-json\/wp\/v2\/product_tag?post=122488"}],"curies":[{"name":"wp","href":"https:\/\/api.w.org\/{rel}","templated":true}]}}