{"id":122494,"date":"2026-05-03T17:46:06","date_gmt":"2026-05-03T15:46:06","guid":{"rendered":"https:\/\/one-horizon.ch\/product\/tablett-nana-remember\/"},"modified":"2026-05-04T00:43:37","modified_gmt":"2026-05-03T22:43:37","slug":"tablett-nana-remember","status":"publish","type":"product","link":"https:\/\/one-horizon.ch\/fr\/product\/tablett-nana-remember\/","title":{"rendered":"Plateau Nana | Remember"},"content":{"rendered":"<p>La forme suit la fonction &#8211; et est sacr\u00e9ment esth\u00e9tique. Le plateau Nana de Remember s\u00e9duit par sa forme ronde et sobre et sa poign\u00e9e pratique qui facilite son transport de la cuisine \u00e0 la terrasse. <\/p>\n<p>Les couleurs Lime et Coral, adapt\u00e9es au contact alimentaire, apportent une touche de fra\u00eecheur sans \u00eatre dominantes. Une pi\u00e8ce qui reste simple &#8211; et qui fonctionne pr\u00e9cis\u00e9ment pour cette raison. <\/p>\n<p><strong>D\u00e9tails du produit :<\/strong> plateau \u00d8 28 cm \u00d7 4 cm, poign\u00e9e : 24,9 cm \u00d7 1 cm, couleurs adapt\u00e9es au contact alimentaire, disponible en Lime et Coral<\/p>\n","protected":false},"excerpt":{"rendered":"<p>Plateau rond Nana de Remember &#8211; \u00d8 28 cm avec poign\u00e9e pratique. Couleurs adapt\u00e9es au contact alimentaire. Id\u00e9al pour servir dans la cuisine, le salon et sur la terrasse.  <\/p>\n","protected":false},"featured_media":122335,"comment_status":"open","ping_status":"closed","template":"","meta":{"_acf_changed":false},"product_brand":[3039],"product_cat":[1392],"product_tag":[],"class_list":{"0":"post-122494","1":"product","2":"type-product","3":"status-publish","4":"has-post-thumbnail","6":"product_brand-remember","7":"product_cat-cuisine","8":"pa_farbe-coral","9":"pa_farbe-lime-fr","11":"first","12":"onbackorder","13":"taxable","14":"shipping-taxable","15":"purchasable","16":"product-type-variable"},"acf":[],"_links":{"self":[{"href":"https:\/\/one-horizon.ch\/fr\/wp-json\/wp\/v2\/product\/122494","targetHints":{"allow":["GET"]}}],"collection":[{"href":"https:\/\/one-horizon.ch\/fr\/wp-json\/wp\/v2\/product"}],"about":[{"href":"https:\/\/one-horizon.ch\/fr\/wp-json\/wp\/v2\/types\/product"}],"replies":[{"embeddable":true,"href":"https:\/\/one-horizon.ch\/fr\/wp-json\/wp\/v2\/comments?post=122494"}],"wp:featuredmedia":[{"embeddable":true,"href":"https:\/\/one-horizon.ch\/fr\/wp-json\/wp\/v2\/media\/122335"}],"wp:attachment":[{"href":"https:\/\/one-horizon.ch\/fr\/wp-json\/wp\/v2\/media?parent=122494"}],"wp:term":[{"taxonomy":"product_brand","embeddable":true,"href":"https:\/\/one-horizon.ch\/fr\/wp-json\/wp\/v2\/product_brand?post=122494"},{"taxonomy":"product_cat","embeddable":true,"href":"https:\/\/one-horizon.ch\/fr\/wp-json\/wp\/v2\/product_cat?post=122494"},{"taxonomy":"product_tag","embeddable":true,"href":"https:\/\/one-horizon.ch\/fr\/wp-json\/wp\/v2\/product_tag?post=122494"}],"curies":[{"name":"wp","href":"https:\/\/api.w.org\/{rel}","templated":true}]}}