{"id":122555,"date":"2026-05-03T20:30:41","date_gmt":"2026-05-03T18:30:41","guid":{"rendered":"https:\/\/one-horizon.ch\/product\/ofenhandschuhe-2er-set-remember\/"},"modified":"2026-05-03T20:30:41","modified_gmt":"2026-05-03T18:30:41","slug":"ofenhandschuhe-2er-set-remember","status":"publish","type":"product","link":"https:\/\/one-horizon.ch\/fr\/product\/ofenhandschuhe-2er-set-remember\/","title":{"rendered":"Gants de four, lot de 2 | Remember"},"content":{"rendered":"<p>Une prise en main s\u00fbre, une belle apparence. Ces gants de four Remember associent une protection contre la chaleur \u00e0 un design \u00e0 rayures color\u00e9 &#8211; deux motifs assortis dans un set qui vont ensemble tout en \u00e9tant ind\u00e9pendants. <\/p>\n<p>Fabriqu\u00e9s en coton de haute qualit\u00e9, ils prot\u00e8gent efficacement les ustensiles de cuisine chauds, qu&#8217;il s&#8217;agisse du four, de la cuisini\u00e8re ou du gril. Ils compl\u00e8tent les autres textiles de cuisine de Remember et forment un ensemble harmonieux. <\/p>\n<p><strong>D\u00e9tails du produit :<\/strong> lot de 2, deux designs de rayures assortis, coton, protection contre la chaleur, 5 mod\u00e8les disponibles<\/p>\n","protected":false},"excerpt":{"rendered":"<p>Lot de 2 gants de four de Remember &#8211; deux motifs \u00e0 rayures assortis, coton avec protection thermique. Pour le four et le barbecue. Styl\u00e9s et pratiques.  <\/p>\n","protected":false},"featured_media":122516,"comment_status":"open","ping_status":"closed","template":"","meta":{"_acf_changed":false},"product_brand":[3039],"product_cat":[3229],"product_tag":[],"class_list":{"0":"post-122555","1":"product","2":"type-product","3":"status-publish","4":"has-post-thumbnail","6":"product_brand-remember","7":"product_cat-textiles-de-salle-de-bain-et-de-cuisine","9":"first","10":"onbackorder","11":"taxable","12":"shipping-taxable","13":"purchasable","14":"product-type-variable"},"acf":[],"_links":{"self":[{"href":"https:\/\/one-horizon.ch\/fr\/wp-json\/wp\/v2\/product\/122555","targetHints":{"allow":["GET"]}}],"collection":[{"href":"https:\/\/one-horizon.ch\/fr\/wp-json\/wp\/v2\/product"}],"about":[{"href":"https:\/\/one-horizon.ch\/fr\/wp-json\/wp\/v2\/types\/product"}],"replies":[{"embeddable":true,"href":"https:\/\/one-horizon.ch\/fr\/wp-json\/wp\/v2\/comments?post=122555"}],"wp:featuredmedia":[{"embeddable":true,"href":"https:\/\/one-horizon.ch\/fr\/wp-json\/wp\/v2\/media\/122516"}],"wp:attachment":[{"href":"https:\/\/one-horizon.ch\/fr\/wp-json\/wp\/v2\/media?parent=122555"}],"wp:term":[{"taxonomy":"product_brand","embeddable":true,"href":"https:\/\/one-horizon.ch\/fr\/wp-json\/wp\/v2\/product_brand?post=122555"},{"taxonomy":"product_cat","embeddable":true,"href":"https:\/\/one-horizon.ch\/fr\/wp-json\/wp\/v2\/product_cat?post=122555"},{"taxonomy":"product_tag","embeddable":true,"href":"https:\/\/one-horizon.ch\/fr\/wp-json\/wp\/v2\/product_tag?post=122555"}],"curies":[{"name":"wp","href":"https:\/\/api.w.org\/{rel}","templated":true}]}}