{"id":122762,"date":"2026-05-03T20:33:43","date_gmt":"2026-05-03T18:33:43","guid":{"rendered":"https:\/\/one-horizon.ch\/product\/glaskanne-fred-remember\/"},"modified":"2026-05-03T20:33:43","modified_gmt":"2026-05-03T18:33:43","slug":"glaskanne-fred-remember","status":"publish","type":"product","link":"https:\/\/one-horizon.ch\/fr\/product\/glaskanne-fred-remember\/","title":{"rendered":"Verseuse en verre Fred | Remember"},"content":{"rendered":"<p>Envie d&#8217;une boisson rafra\u00eechissante ? Ce pichet en verre color\u00e9 Fred de Remember en jaune fait de l&#8217;eau, du jus ou du th\u00e9 glac\u00e9 un plaisir visuel &#8211; avec sa teinte jaune chaude qui respire l&#8217;\u00e9t\u00e9 et la bonne humeur. <\/p>\n<p>Le verre borosilicat\u00e9 est r\u00e9sistant \u00e0 la chaleur, l\u00e9ger et durable. Il convient aux boissons chaudes et froides et peut \u00eatre lav\u00e9 au lave-vaisselle &#8211; un compagnon de tous les jours qui a du caract\u00e8re. <\/p>\n<p><strong>D\u00e9tails du produit :<\/strong> verre borosilicat\u00e9, couleur jaune, env. 1 litre, r\u00e9sistant \u00e0 la chaleur, lavable au lave-vaisselle<\/p>\n","protected":false},"excerpt":{"rendered":"<p>Verseuse en verre Fred de Remember en jaune &#8211; verre borosilicat\u00e9 color\u00e9 pour l&#8217;eau, le jus ou le th\u00e9 glac\u00e9. R\u00e9siste \u00e0 la chaleur et au lave-vaisselle. Environ 1 litre.  <\/p>\n","protected":false},"featured_media":122613,"comment_status":"open","ping_status":"closed","template":"","meta":{"_acf_changed":false},"product_brand":[3039],"product_cat":[3540],"product_tag":[],"class_list":{"0":"post-122762","1":"product","2":"type-product","3":"status-publish","4":"has-post-thumbnail","6":"product_brand-remember","7":"product_cat-verres-et-gobelets","9":"first","10":"onbackorder","11":"taxable","12":"shipping-taxable","13":"purchasable","14":"product-type-simple"},"acf":[],"_links":{"self":[{"href":"https:\/\/one-horizon.ch\/fr\/wp-json\/wp\/v2\/product\/122762","targetHints":{"allow":["GET"]}}],"collection":[{"href":"https:\/\/one-horizon.ch\/fr\/wp-json\/wp\/v2\/product"}],"about":[{"href":"https:\/\/one-horizon.ch\/fr\/wp-json\/wp\/v2\/types\/product"}],"replies":[{"embeddable":true,"href":"https:\/\/one-horizon.ch\/fr\/wp-json\/wp\/v2\/comments?post=122762"}],"wp:featuredmedia":[{"embeddable":true,"href":"https:\/\/one-horizon.ch\/fr\/wp-json\/wp\/v2\/media\/122613"}],"wp:attachment":[{"href":"https:\/\/one-horizon.ch\/fr\/wp-json\/wp\/v2\/media?parent=122762"}],"wp:term":[{"taxonomy":"product_brand","embeddable":true,"href":"https:\/\/one-horizon.ch\/fr\/wp-json\/wp\/v2\/product_brand?post=122762"},{"taxonomy":"product_cat","embeddable":true,"href":"https:\/\/one-horizon.ch\/fr\/wp-json\/wp\/v2\/product_cat?post=122762"},{"taxonomy":"product_tag","embeddable":true,"href":"https:\/\/one-horizon.ch\/fr\/wp-json\/wp\/v2\/product_tag?post=122762"}],"curies":[{"name":"wp","href":"https:\/\/api.w.org\/{rel}","templated":true}]}}