{"id":122764,"date":"2026-05-03T20:33:16","date_gmt":"2026-05-03T18:33:16","guid":{"rendered":"https:\/\/one-horizon.ch\/product\/glaskaraffe-jill-remember\/"},"modified":"2026-05-03T20:33:16","modified_gmt":"2026-05-03T18:33:16","slug":"glaskaraffe-jill-remember","status":"publish","type":"product","link":"https:\/\/one-horizon.ch\/fr\/product\/glaskaraffe-jill-remember\/","title":{"rendered":"Carafe en verre Jill | Remember"},"content":{"rendered":"<p>Parfois, le plus simple est le plus beau. La carafe en verre Jill de Remember en vert accompagne le petit d\u00e9jeuner, le d\u00e9jeuner et les soir\u00e9es d&#8217;\u00e9t\u00e9 sur la terrasse &#8211; comme carafe d&#8217;eau, comme pichet de jus de fruits ou simplement avec un bouquet de fleurs sauvages \u00e0 l&#8217;int\u00e9rieur. <\/p>\n<p>Assortie aux verres Jill de la collection Remember, cette carafe forme un ensemble harmonieux. Le verre color\u00e9 joue avec la lumi\u00e8re et apporte une touche discr\u00e8te et agr\u00e9able sur chaque table. <\/p>\n<p><strong>D\u00e9tails du produit :<\/strong> verre souffl\u00e9 \u00e0 la bouche, couleur Green, capacit\u00e9 d&#8217;environ 1 litre, assorti aux verres Jill<\/p>\n","protected":false},"excerpt":{"rendered":"<p>Carafe en verre Jill de Remember in Green &#8211; comme carafe \u00e0 eau assortie aux verres Jill ou comme vase. Verre souffl\u00e9 \u00e0 la bouche, environ 1 litre. <\/p>\n","protected":false},"featured_media":122606,"comment_status":"open","ping_status":"closed","template":"","meta":{"_acf_changed":false},"product_brand":[3039],"product_cat":[3540],"product_tag":[],"class_list":{"0":"post-122764","1":"product","2":"type-product","3":"status-publish","4":"has-post-thumbnail","6":"product_brand-remember","7":"product_cat-verres-et-gobelets","9":"first","10":"onbackorder","11":"taxable","12":"shipping-taxable","13":"purchasable","14":"product-type-simple"},"acf":[],"_links":{"self":[{"href":"https:\/\/one-horizon.ch\/fr\/wp-json\/wp\/v2\/product\/122764","targetHints":{"allow":["GET"]}}],"collection":[{"href":"https:\/\/one-horizon.ch\/fr\/wp-json\/wp\/v2\/product"}],"about":[{"href":"https:\/\/one-horizon.ch\/fr\/wp-json\/wp\/v2\/types\/product"}],"replies":[{"embeddable":true,"href":"https:\/\/one-horizon.ch\/fr\/wp-json\/wp\/v2\/comments?post=122764"}],"wp:featuredmedia":[{"embeddable":true,"href":"https:\/\/one-horizon.ch\/fr\/wp-json\/wp\/v2\/media\/122606"}],"wp:attachment":[{"href":"https:\/\/one-horizon.ch\/fr\/wp-json\/wp\/v2\/media?parent=122764"}],"wp:term":[{"taxonomy":"product_brand","embeddable":true,"href":"https:\/\/one-horizon.ch\/fr\/wp-json\/wp\/v2\/product_brand?post=122764"},{"taxonomy":"product_cat","embeddable":true,"href":"https:\/\/one-horizon.ch\/fr\/wp-json\/wp\/v2\/product_cat?post=122764"},{"taxonomy":"product_tag","embeddable":true,"href":"https:\/\/one-horizon.ch\/fr\/wp-json\/wp\/v2\/product_tag?post=122764"}],"curies":[{"name":"wp","href":"https:\/\/api.w.org\/{rel}","templated":true}]}}