{"id":122766,"date":"2026-05-03T20:32:44","date_gmt":"2026-05-03T18:32:44","guid":{"rendered":"https:\/\/one-horizon.ch\/product\/tablettset-trias-3er-set-remember\/"},"modified":"2026-05-03T20:32:44","modified_gmt":"2026-05-03T18:32:44","slug":"tablettset-trias-3er-set-remember","status":"publish","type":"product","link":"https:\/\/one-horizon.ch\/fr\/product\/tablettset-trias-3er-set-remember\/","title":{"rendered":"Set de plateaux Trias 3 pi\u00e8ces | Remember"},"content":{"rendered":"<p>Servir, pr\u00e9senter, mettre en sc\u00e8ne. Ce set de 3 plateaux Trias de Remember en m\u00e9tal avec des fonds en bambou permet beaucoup de choses &#8211; que ce soit pour servir des friandises, comme \u00e9tag\u00e8re \u00e9l\u00e9gante ou comme \u00e9l\u00e9ment d\u00e9coratif dans le salon. <\/p>\n<p>Les trois plateaux de diff\u00e9rentes tailles peuvent \u00eatre utilis\u00e9s individuellement ou empil\u00e9s les uns dans les autres. Un investissement dans la qualit\u00e9, \u00e0 utiliser tous les jours &#8211; et toujours avec un bel aspect. <\/p>\n<p><strong>D\u00e9tails du produit :<\/strong> lot de 3, m\u00e9tal avec \u00e9tag\u00e8res en bambou, trois tailles diff\u00e9rentes, multifonctionnel<\/p>\n","protected":false},"excerpt":{"rendered":"<p>Set de plateaux Trias 3 pi\u00e8ces de Remember &#8211; trois plateaux en m\u00e9tal avec des fonds en bambou de diff\u00e9rentes tailles. Pour servir, d\u00e9corer et organiser. <\/p>\n","protected":false},"featured_media":122587,"comment_status":"open","ping_status":"closed","template":"","meta":{"_acf_changed":false},"product_brand":[3039],"product_cat":[1280],"product_tag":[],"class_list":{"0":"post-122766","1":"product","2":"type-product","3":"status-publish","4":"has-post-thumbnail","6":"product_brand-remember","7":"product_cat-vaisselle","9":"first","10":"onbackorder","11":"taxable","12":"shipping-taxable","13":"purchasable","14":"product-type-simple"},"acf":[],"_links":{"self":[{"href":"https:\/\/one-horizon.ch\/fr\/wp-json\/wp\/v2\/product\/122766","targetHints":{"allow":["GET"]}}],"collection":[{"href":"https:\/\/one-horizon.ch\/fr\/wp-json\/wp\/v2\/product"}],"about":[{"href":"https:\/\/one-horizon.ch\/fr\/wp-json\/wp\/v2\/types\/product"}],"replies":[{"embeddable":true,"href":"https:\/\/one-horizon.ch\/fr\/wp-json\/wp\/v2\/comments?post=122766"}],"wp:featuredmedia":[{"embeddable":true,"href":"https:\/\/one-horizon.ch\/fr\/wp-json\/wp\/v2\/media\/122587"}],"wp:attachment":[{"href":"https:\/\/one-horizon.ch\/fr\/wp-json\/wp\/v2\/media?parent=122766"}],"wp:term":[{"taxonomy":"product_brand","embeddable":true,"href":"https:\/\/one-horizon.ch\/fr\/wp-json\/wp\/v2\/product_brand?post=122766"},{"taxonomy":"product_cat","embeddable":true,"href":"https:\/\/one-horizon.ch\/fr\/wp-json\/wp\/v2\/product_cat?post=122766"},{"taxonomy":"product_tag","embeddable":true,"href":"https:\/\/one-horizon.ch\/fr\/wp-json\/wp\/v2\/product_tag?post=122766"}],"curies":[{"name":"wp","href":"https:\/\/api.w.org\/{rel}","templated":true}]}}