{"id":122768,"date":"2026-05-03T20:34:35","date_gmt":"2026-05-03T18:34:35","guid":{"rendered":"https:\/\/one-horizon.ch\/product\/glasbecher-fred-2er-set-remember\/"},"modified":"2026-05-03T20:34:35","modified_gmt":"2026-05-03T18:34:35","slug":"glasbecher-fred-2er-set-remember","status":"publish","type":"product","link":"https:\/\/one-horizon.ch\/fr\/product\/glasbecher-fred-2er-set-remember\/","title":{"rendered":"Gobelet en verre Fred (set de 2) | Remember"},"content":{"rendered":"<p>Chocolat chaud ou caf\u00e9 glac\u00e9, ce mug en verre permet de faire les deux. Les tasses en verre Fred de Remember en verre borosilicat\u00e9 sont de v\u00e9ritables multitalents gr\u00e2ce \u00e0 leur r\u00e9sistance \u00e0 la chaleur : chaudes ou froides, matin ou soir. <\/p>\n<p>Le lot de 2 mugs color\u00e9s est une fa\u00e7on simple d&#8217;ajouter de la couleur \u00e0 votre quotidien. R\u00e9sistants au lave-vaisselle et durables. <\/p>\n<p><strong>D\u00e9tails du produit :<\/strong> set de 2, verre borosilicat\u00e9, r\u00e9sistant \u00e0 la chaleur, pour boissons chaudes et froides, lavable au lave-vaisselle, 2 combinaisons de couleurs<\/p>\n","protected":false},"excerpt":{"rendered":"<p>Gobelets en verre Fred, lot de 2 de Remember &#8211; verres color\u00e9s en borosilicate pour boissons chaudes et froides. R\u00e9sistent \u00e0 la chaleur et au lave-vaisselle. 2 sets de couleurs.  <\/p>\n","protected":false},"featured_media":122632,"comment_status":"open","ping_status":"closed","template":"","meta":{"_acf_changed":false},"product_brand":[3039],"product_cat":[3540],"product_tag":[],"class_list":{"0":"post-122768","1":"product","2":"type-product","3":"status-publish","4":"has-post-thumbnail","6":"product_brand-remember","7":"product_cat-verres-et-gobelets","9":"first","10":"onbackorder","11":"taxable","12":"shipping-taxable","13":"purchasable","14":"product-type-variable"},"acf":[],"_links":{"self":[{"href":"https:\/\/one-horizon.ch\/fr\/wp-json\/wp\/v2\/product\/122768","targetHints":{"allow":["GET"]}}],"collection":[{"href":"https:\/\/one-horizon.ch\/fr\/wp-json\/wp\/v2\/product"}],"about":[{"href":"https:\/\/one-horizon.ch\/fr\/wp-json\/wp\/v2\/types\/product"}],"replies":[{"embeddable":true,"href":"https:\/\/one-horizon.ch\/fr\/wp-json\/wp\/v2\/comments?post=122768"}],"wp:featuredmedia":[{"embeddable":true,"href":"https:\/\/one-horizon.ch\/fr\/wp-json\/wp\/v2\/media\/122632"}],"wp:attachment":[{"href":"https:\/\/one-horizon.ch\/fr\/wp-json\/wp\/v2\/media?parent=122768"}],"wp:term":[{"taxonomy":"product_brand","embeddable":true,"href":"https:\/\/one-horizon.ch\/fr\/wp-json\/wp\/v2\/product_brand?post=122768"},{"taxonomy":"product_cat","embeddable":true,"href":"https:\/\/one-horizon.ch\/fr\/wp-json\/wp\/v2\/product_cat?post=122768"},{"taxonomy":"product_tag","embeddable":true,"href":"https:\/\/one-horizon.ch\/fr\/wp-json\/wp\/v2\/product_tag?post=122768"}],"curies":[{"name":"wp","href":"https:\/\/api.w.org\/{rel}","templated":true}]}}