{"id":122773,"date":"2026-05-03T20:32:14","date_gmt":"2026-05-03T18:32:14","guid":{"rendered":"https:\/\/one-horizon.ch\/product\/strandkissen-remember\/"},"modified":"2026-05-03T20:32:14","modified_gmt":"2026-05-03T18:32:14","slug":"strandkissen-remember","status":"publish","type":"product","link":"https:\/\/one-horizon.ch\/fr\/product\/strandkissen-remember\/","title":{"rendered":"Coussin de plage | Remember"},"content":{"rendered":"<p>L&#8217;eau clapote, les oiseaux chantent &#8211; et vous \u00eates confortablement allong\u00e9. Ce coussin de plage de Remember rend les moments de d\u00e9tente \u00e0 l&#8217;ext\u00e9rieur encore un peu plus agr\u00e9ables : gonflable, l\u00e9ger et compact \u00e0 ranger. <\/p>\n<p>Le design color\u00e9 fait de ce coussin un accroche-regard sur la plage, dans le parc ou sur le balcon. Il suffit de le gonfler, de s&#8217;y adosser et d&#8217;en profiter. <\/p>\n<p><strong>D\u00e9tails du produit :<\/strong> Coussin de plage gonflable, compact et l\u00e9g\u00e8rement emball\u00e9, 3 mod\u00e8les disponibles<\/p>\n","protected":false},"excerpt":{"rendered":"<p>Coussin de plage de Remember &#8211; coussin gonflable en 3 designs color\u00e9s. Compact et l\u00e9ger pour des moments spontan\u00e9s \u00e0 l&#8217;ext\u00e9rieur. <\/p>\n","protected":false},"featured_media":122571,"comment_status":"open","ping_status":"closed","template":"","meta":{"_acf_changed":false},"product_brand":[3039],"product_cat":[3565],"product_tag":[],"class_list":{"0":"post-122773","1":"product","2":"type-product","3":"status-publish","4":"has-post-thumbnail","6":"product_brand-remember","7":"product_cat-plage-eau","9":"first","10":"onbackorder","11":"taxable","12":"shipping-taxable","13":"purchasable","14":"product-type-variable"},"acf":[],"_links":{"self":[{"href":"https:\/\/one-horizon.ch\/fr\/wp-json\/wp\/v2\/product\/122773","targetHints":{"allow":["GET"]}}],"collection":[{"href":"https:\/\/one-horizon.ch\/fr\/wp-json\/wp\/v2\/product"}],"about":[{"href":"https:\/\/one-horizon.ch\/fr\/wp-json\/wp\/v2\/types\/product"}],"replies":[{"embeddable":true,"href":"https:\/\/one-horizon.ch\/fr\/wp-json\/wp\/v2\/comments?post=122773"}],"wp:featuredmedia":[{"embeddable":true,"href":"https:\/\/one-horizon.ch\/fr\/wp-json\/wp\/v2\/media\/122571"}],"wp:attachment":[{"href":"https:\/\/one-horizon.ch\/fr\/wp-json\/wp\/v2\/media?parent=122773"}],"wp:term":[{"taxonomy":"product_brand","embeddable":true,"href":"https:\/\/one-horizon.ch\/fr\/wp-json\/wp\/v2\/product_brand?post=122773"},{"taxonomy":"product_cat","embeddable":true,"href":"https:\/\/one-horizon.ch\/fr\/wp-json\/wp\/v2\/product_cat?post=122773"},{"taxonomy":"product_tag","embeddable":true,"href":"https:\/\/one-horizon.ch\/fr\/wp-json\/wp\/v2\/product_tag?post=122773"}],"curies":[{"name":"wp","href":"https:\/\/api.w.org\/{rel}","templated":true}]}}