{"id":122781,"date":"2026-05-03T20:33:58","date_gmt":"2026-05-03T18:33:58","guid":{"rendered":"https:\/\/one-horizon.ch\/product\/glaeser-dots-4er-set-remember\/"},"modified":"2026-05-03T20:33:58","modified_gmt":"2026-05-03T18:33:58","slug":"glaeser-dots-4er-set-remember","status":"publish","type":"product","link":"https:\/\/one-horizon.ch\/fr\/product\/glaeser-dots-4er-set-remember\/","title":{"rendered":"Verres Dots (set de 4) | Remember"},"content":{"rendered":"<p>Collectionnez les points \u00e0 la mani\u00e8re de Remember. Ces quatre verres \u00e0 boire avec des motifs de points color\u00e9s font de chaque gorg\u00e9e d&#8217;eau, de soda ou de jus un peu de plaisir &#8211; la table est tout simplement plus belle quand les verres sont assortis. <\/p>\n<p>Le set en verre borosilicat\u00e9 est plus l\u00e9ger et plus fin que le verre ordinaire, il r\u00e9siste \u00e0 la chaleur et passe facilement au lave-vaisselle. Deux versions avec diff\u00e9rentes combinaisons de couleurs sont disponibles. <\/p>\n<p><strong>D\u00e9tails du produit :<\/strong> set de 4, verre borosilicat\u00e9, motif Dots, r\u00e9sistant \u00e0 la chaleur, lavable au lave-vaisselle, 2 versions<\/p>\n","protected":false},"excerpt":{"rendered":"<p>Verres Dots set de 4 de Remember &#8211; quatre verres \u00e0 boire \u00e0 pois color\u00e9s en verre borosilicat\u00e9. R\u00e9sistent au lave-vaisselle. 2 versions.  <\/p>\n","protected":false},"featured_media":122620,"comment_status":"open","ping_status":"closed","template":"","meta":{"_acf_changed":false},"product_brand":[3039],"product_cat":[3540],"product_tag":[],"class_list":{"0":"post-122781","1":"product","2":"type-product","3":"status-publish","4":"has-post-thumbnail","6":"product_brand-remember","7":"product_cat-verres-et-gobelets","9":"first","10":"onbackorder","11":"taxable","12":"shipping-taxable","13":"purchasable","14":"product-type-variable"},"acf":[],"_links":{"self":[{"href":"https:\/\/one-horizon.ch\/fr\/wp-json\/wp\/v2\/product\/122781","targetHints":{"allow":["GET"]}}],"collection":[{"href":"https:\/\/one-horizon.ch\/fr\/wp-json\/wp\/v2\/product"}],"about":[{"href":"https:\/\/one-horizon.ch\/fr\/wp-json\/wp\/v2\/types\/product"}],"replies":[{"embeddable":true,"href":"https:\/\/one-horizon.ch\/fr\/wp-json\/wp\/v2\/comments?post=122781"}],"wp:featuredmedia":[{"embeddable":true,"href":"https:\/\/one-horizon.ch\/fr\/wp-json\/wp\/v2\/media\/122620"}],"wp:attachment":[{"href":"https:\/\/one-horizon.ch\/fr\/wp-json\/wp\/v2\/media?parent=122781"}],"wp:term":[{"taxonomy":"product_brand","embeddable":true,"href":"https:\/\/one-horizon.ch\/fr\/wp-json\/wp\/v2\/product_brand?post=122781"},{"taxonomy":"product_cat","embeddable":true,"href":"https:\/\/one-horizon.ch\/fr\/wp-json\/wp\/v2\/product_cat?post=122781"},{"taxonomy":"product_tag","embeddable":true,"href":"https:\/\/one-horizon.ch\/fr\/wp-json\/wp\/v2\/product_tag?post=122781"}],"curies":[{"name":"wp","href":"https:\/\/api.w.org\/{rel}","templated":true}]}}