{"id":122787,"date":"2026-05-03T20:35:09","date_gmt":"2026-05-03T18:35:09","guid":{"rendered":"https:\/\/one-horizon.ch\/product\/glasdosen-set-cosima-remember\/"},"modified":"2026-05-03T20:35:09","modified_gmt":"2026-05-03T18:35:09","slug":"glasdosen-set-cosima-remember","status":"publish","type":"product","link":"https:\/\/one-horizon.ch\/fr\/product\/glasdosen-set-cosima-remember\/","title":{"rendered":"Set de bo\u00eetes en verre Cosima | Remember"},"content":{"rendered":"<p>L&#8217;ordre peut \u00eatre beau. Ces bo\u00eetes en verre de Remember, en verre transparent, attirent vraiment l&#8217;attention sur les \u00e9tag\u00e8res de la cuisine et font du rangement du th\u00e9, des \u00e9pices ou des petites provisions une exp\u00e9rience styl\u00e9e. <\/p>\n<p>Le set Cosima s\u00e9duit par son design \u00e9pur\u00e9 et sa finition de qualit\u00e9 &#8211; pratique au quotidien et d\u00e9coratif sur le rebord de la fen\u00eatre ou sur l&#8217;\u00e9tag\u00e8re.<\/p>\n<p><strong>D\u00e9tails du produit :<\/strong> Set de bo\u00eetes en verre, verre transparent, d\u00e9coratives et pratiques, utilisables comme r\u00e9cipients de stockage<\/p>\n","protected":false},"excerpt":{"rendered":"<p>Set de bo\u00eetes en verre Cosima de Remember &#8211; des bo\u00eetes en verre transparentes pour stocker ou conserver des aliments. Un accroche-regard sur chaque plan de travail. <\/p>\n","protected":false},"featured_media":122644,"comment_status":"open","ping_status":"closed","template":"","meta":{"_acf_changed":false},"product_brand":[3039],"product_cat":[3540],"product_tag":[],"class_list":{"0":"post-122787","1":"product","2":"type-product","3":"status-publish","4":"has-post-thumbnail","6":"product_brand-remember","7":"product_cat-verres-et-gobelets","9":"first","10":"onbackorder","11":"taxable","12":"shipping-taxable","13":"purchasable","14":"product-type-simple"},"acf":[],"_links":{"self":[{"href":"https:\/\/one-horizon.ch\/fr\/wp-json\/wp\/v2\/product\/122787","targetHints":{"allow":["GET"]}}],"collection":[{"href":"https:\/\/one-horizon.ch\/fr\/wp-json\/wp\/v2\/product"}],"about":[{"href":"https:\/\/one-horizon.ch\/fr\/wp-json\/wp\/v2\/types\/product"}],"replies":[{"embeddable":true,"href":"https:\/\/one-horizon.ch\/fr\/wp-json\/wp\/v2\/comments?post=122787"}],"wp:featuredmedia":[{"embeddable":true,"href":"https:\/\/one-horizon.ch\/fr\/wp-json\/wp\/v2\/media\/122644"}],"wp:attachment":[{"href":"https:\/\/one-horizon.ch\/fr\/wp-json\/wp\/v2\/media?parent=122787"}],"wp:term":[{"taxonomy":"product_brand","embeddable":true,"href":"https:\/\/one-horizon.ch\/fr\/wp-json\/wp\/v2\/product_brand?post=122787"},{"taxonomy":"product_cat","embeddable":true,"href":"https:\/\/one-horizon.ch\/fr\/wp-json\/wp\/v2\/product_cat?post=122787"},{"taxonomy":"product_tag","embeddable":true,"href":"https:\/\/one-horizon.ch\/fr\/wp-json\/wp\/v2\/product_tag?post=122787"}],"curies":[{"name":"wp","href":"https:\/\/api.w.org\/{rel}","templated":true}]}}