{"id":122792,"date":"2026-05-03T20:32:53","date_gmt":"2026-05-03T18:32:53","guid":{"rendered":"https:\/\/one-horizon.ch\/product\/schalenset-mit-holztablett-7er-set-remember\/"},"modified":"2026-05-03T20:32:53","modified_gmt":"2026-05-03T18:32:53","slug":"schalenset-mit-holztablett-7er-set-remember","status":"publish","type":"product","link":"https:\/\/one-horizon.ch\/fr\/product\/schalenset-mit-holztablett-7er-set-remember\/","title":{"rendered":"Set de coupes avec plateau en bois 7 pi\u00e8ces | Remember"},"content":{"rendered":"<p>Snack &amp; dip, servis avec style. Ce set de 7 bols de Remember se compose de six petits bols color\u00e9s sur un plateau en bois &#8211; parfait pour les soir\u00e9es mondaines, les f\u00eates d&#8217;\u00e9t\u00e9 ou les ap\u00e9ritifs d\u00e9contract\u00e9s \u00e0 la maison. <\/p>\n<p>Les coupelles color\u00e9es aux couleurs de Remember offrent de la vari\u00e9t\u00e9 par coupelles et invitent \u00e0 se servir. Le plateau en bois maintient le tout et fait de l&#8217;ensemble un service complet. <\/p>\n<p><strong>D\u00e9tails du produit :<\/strong> set de 7 pi\u00e8ces, 6 coupelles + 1 plateau en bois, designs color\u00e9s Remember, 2 versions<\/p>\n","protected":false},"excerpt":{"rendered":"<p>Set de bols avec plateau en bois 7 pi\u00e8ces de Remember &#8211; 6 bols color\u00e9s sur un plateau en bois. Id\u00e9al pour les snacks, les dips et les hors-d&#8217;\u0153uvre. 2 versions.  <\/p>\n","protected":false},"featured_media":122594,"comment_status":"open","ping_status":"closed","template":"","meta":{"_acf_changed":false},"product_brand":[3039],"product_cat":[1280],"product_tag":[],"class_list":{"0":"post-122792","1":"product","2":"type-product","3":"status-publish","4":"has-post-thumbnail","6":"product_brand-remember","7":"product_cat-vaisselle","9":"first","10":"onbackorder","11":"taxable","12":"shipping-taxable","13":"purchasable","14":"product-type-variable"},"acf":[],"_links":{"self":[{"href":"https:\/\/one-horizon.ch\/fr\/wp-json\/wp\/v2\/product\/122792","targetHints":{"allow":["GET"]}}],"collection":[{"href":"https:\/\/one-horizon.ch\/fr\/wp-json\/wp\/v2\/product"}],"about":[{"href":"https:\/\/one-horizon.ch\/fr\/wp-json\/wp\/v2\/types\/product"}],"replies":[{"embeddable":true,"href":"https:\/\/one-horizon.ch\/fr\/wp-json\/wp\/v2\/comments?post=122792"}],"wp:featuredmedia":[{"embeddable":true,"href":"https:\/\/one-horizon.ch\/fr\/wp-json\/wp\/v2\/media\/122594"}],"wp:attachment":[{"href":"https:\/\/one-horizon.ch\/fr\/wp-json\/wp\/v2\/media?parent=122792"}],"wp:term":[{"taxonomy":"product_brand","embeddable":true,"href":"https:\/\/one-horizon.ch\/fr\/wp-json\/wp\/v2\/product_brand?post=122792"},{"taxonomy":"product_cat","embeddable":true,"href":"https:\/\/one-horizon.ch\/fr\/wp-json\/wp\/v2\/product_cat?post=122792"},{"taxonomy":"product_tag","embeddable":true,"href":"https:\/\/one-horizon.ch\/fr\/wp-json\/wp\/v2\/product_tag?post=122792"}],"curies":[{"name":"wp","href":"https:\/\/api.w.org\/{rel}","templated":true}]}}