{"id":122809,"date":"2026-05-03T22:22:13","date_gmt":"2026-05-03T20:22:13","guid":{"rendered":"https:\/\/one-horizon.ch\/product\/woodless-pencils-10er-set\/"},"modified":"2026-05-03T22:22:13","modified_gmt":"2026-05-03T20:22:13","slug":"woodless-pencils-10er-set","status":"publish","type":"product","link":"https:\/\/one-horizon.ch\/fr\/product\/woodless-pencils-10er-set\/","title":{"rendered":"Set de 10 crayons Woodless"},"content":{"rendered":"<p>Les <strong>Woodless Pencils<\/strong> de Karst sont un ensemble de 10 crayons en graphite sans bois allant de HB \u00e0 10B &#8211; d&#8217;une duret\u00e9 moyenne \u00e0 un noir profond et satur\u00e9. Enti\u00e8rement fabriqu\u00e9s en graphite pur, sans rev\u00eatement en bois, ils procurent une sensation d&#8217;\u00e9criture intense et r\u00e9guli\u00e8re de la premi\u00e8re \u00e0 la derni\u00e8re utilisation. <\/p>\n<h2>La pr\u00e9cision sans compromis<\/h2>\n<p>Chaque stylo offre une prise en main ergonomique et permet de travailler avec pr\u00e9cision sans se fatiguer. Qu&#8217;il s&#8217;agisse de traits fins pour des esquisses techniques ou d&#8217;ombres douces pour des dessins artistiques, le set couvre tout l&#8217;\u00e9ventail des duret\u00e9s. Comme aucun bois n&#8217;est utilis\u00e9, il n&#8217;y a pas d&#8217;\u00e9chardes lors de la pointe et les crayons sont enti\u00e8rement consommables.  <\/p>\n<h2>Le minimalisme avec la fonction<\/h2>\n<p>Le design sobre avec une surface graphite mate est intemporel et fonctionnel. Les crayons sont plus r\u00e9sistants \u00e0 la casse que les crayons traditionnels et conviennent \u00e0 une utilisation quotidienne \u00e0 l&#8217;\u00e9cole, au bureau ou \u00e0 l&#8217;atelier. <\/p>\n<ul>\n<li><strong>Contenu :<\/strong> 10 crayons de HB \u00e0 10B<\/li>\n<li><strong>Mat\u00e9riau :<\/strong> Graphite pur, finition mate<\/li>\n<li><strong>Dimensions :<\/strong> 14,2 cm de longueur, 0,7 cm de diam\u00e8tre<\/li>\n<li><strong>Poids :<\/strong> 200 g<\/li>\n<\/ul>\n","protected":false},"excerpt":{"rendered":"<p>Crayons en graphite sans bois, par lot de 10, de HB \u00e0 10B &#8211; enti\u00e8rement en graphite pur, sans rev\u00eatement en bois. Ergonomiques, incassables et utilisables jusqu&#8217;au bout. Id\u00e9al pour les croquis, les dessins et les notes \u00e0 l&#8217;\u00e9cole, au bureau ou \u00e0 l&#8217;atelier.  <\/p>\n","protected":false},"featured_media":122796,"comment_status":"open","ping_status":"closed","template":"","meta":{"_acf_changed":false},"product_brand":[3011],"product_cat":[1279],"product_tag":[],"class_list":{"0":"post-122809","1":"product","2":"type-product","3":"status-publish","4":"has-post-thumbnail","6":"product_brand-karst","7":"product_cat-stylos","9":"first","10":"onbackorder","11":"taxable","12":"shipping-taxable","13":"purchasable","14":"product-type-simple"},"acf":[],"_links":{"self":[{"href":"https:\/\/one-horizon.ch\/fr\/wp-json\/wp\/v2\/product\/122809","targetHints":{"allow":["GET"]}}],"collection":[{"href":"https:\/\/one-horizon.ch\/fr\/wp-json\/wp\/v2\/product"}],"about":[{"href":"https:\/\/one-horizon.ch\/fr\/wp-json\/wp\/v2\/types\/product"}],"replies":[{"embeddable":true,"href":"https:\/\/one-horizon.ch\/fr\/wp-json\/wp\/v2\/comments?post=122809"}],"wp:featuredmedia":[{"embeddable":true,"href":"https:\/\/one-horizon.ch\/fr\/wp-json\/wp\/v2\/media\/122796"}],"wp:attachment":[{"href":"https:\/\/one-horizon.ch\/fr\/wp-json\/wp\/v2\/media?parent=122809"}],"wp:term":[{"taxonomy":"product_brand","embeddable":true,"href":"https:\/\/one-horizon.ch\/fr\/wp-json\/wp\/v2\/product_brand?post=122809"},{"taxonomy":"product_cat","embeddable":true,"href":"https:\/\/one-horizon.ch\/fr\/wp-json\/wp\/v2\/product_cat?post=122809"},{"taxonomy":"product_tag","embeddable":true,"href":"https:\/\/one-horizon.ch\/fr\/wp-json\/wp\/v2\/product_tag?post=122809"}],"curies":[{"name":"wp","href":"https:\/\/api.w.org\/{rel}","templated":true}]}}