{"id":123044,"date":"2026-05-03T22:57:55","date_gmt":"2026-05-03T20:57:55","guid":{"rendered":"https:\/\/one-horizon.ch\/product\/remember-glaeser-2er-set\/"},"modified":"2026-05-03T22:57:55","modified_gmt":"2026-05-03T20:57:55","slug":"remember-glaeser-2er-set","status":"publish","type":"product","link":"https:\/\/one-horizon.ch\/fr\/product\/remember-glaeser-2er-set\/","title":{"rendered":"Remember Verres (set de 2)"},"content":{"rendered":"<p>Le set de verres de Remember se pr\u00e9sente sous la forme d&#8217;un set pratique de 2 verres et s\u00e9duit par son design raffin\u00e9. Que ce soit pour le petit d\u00e9jeuner quotidien ou comme cadeau \u00e9l\u00e9gant, les verres apportent une touche \u00e9l\u00e9gante \u00e0 chaque table dress\u00e9e et font de la boisson un petit plaisir. <\/p>\n","protected":false},"excerpt":{"rendered":"<p>Set de verres \u00e9l\u00e9gants de Remember en pack de deux &#8211; au design raffin\u00e9 pour une utilisation quotidienne ou comme cadeau.<\/p>\n","protected":false},"featured_media":122851,"comment_status":"open","ping_status":"closed","template":"","meta":{"_acf_changed":false},"product_brand":[3039],"product_cat":[1280],"product_tag":[],"class_list":{"0":"post-123044","1":"product","2":"type-product","3":"status-publish","4":"has-post-thumbnail","6":"product_brand-remember","7":"product_cat-vaisselle","9":"first","10":"onbackorder","11":"taxable","12":"shipping-taxable","13":"purchasable","14":"product-type-simple"},"acf":[],"_links":{"self":[{"href":"https:\/\/one-horizon.ch\/fr\/wp-json\/wp\/v2\/product\/123044","targetHints":{"allow":["GET"]}}],"collection":[{"href":"https:\/\/one-horizon.ch\/fr\/wp-json\/wp\/v2\/product"}],"about":[{"href":"https:\/\/one-horizon.ch\/fr\/wp-json\/wp\/v2\/types\/product"}],"replies":[{"embeddable":true,"href":"https:\/\/one-horizon.ch\/fr\/wp-json\/wp\/v2\/comments?post=123044"}],"wp:featuredmedia":[{"embeddable":true,"href":"https:\/\/one-horizon.ch\/fr\/wp-json\/wp\/v2\/media\/122851"}],"wp:attachment":[{"href":"https:\/\/one-horizon.ch\/fr\/wp-json\/wp\/v2\/media?parent=123044"}],"wp:term":[{"taxonomy":"product_brand","embeddable":true,"href":"https:\/\/one-horizon.ch\/fr\/wp-json\/wp\/v2\/product_brand?post=123044"},{"taxonomy":"product_cat","embeddable":true,"href":"https:\/\/one-horizon.ch\/fr\/wp-json\/wp\/v2\/product_cat?post=123044"},{"taxonomy":"product_tag","embeddable":true,"href":"https:\/\/one-horizon.ch\/fr\/wp-json\/wp\/v2\/product_tag?post=123044"}],"curies":[{"name":"wp","href":"https:\/\/api.w.org\/{rel}","templated":true}]}}