{"id":123046,"date":"2026-05-03T22:58:21","date_gmt":"2026-05-03T20:58:21","guid":{"rendered":"https:\/\/one-horizon.ch\/product\/remember-stricktasche\/"},"modified":"2026-05-03T22:58:21","modified_gmt":"2026-05-03T20:58:21","slug":"remember-stricktasche","status":"publish","type":"product","link":"https:\/\/one-horizon.ch\/fr\/product\/remember-stricktasche\/","title":{"rendered":"Remember Sac \u00e0 tricoter"},"content":{"rendered":"<p>Le sac en tricot de Remember est une charmante alternative au sac en plastique. Le tricot souple le rend \u00e0 la fois flexible et r\u00e9sistant &#8211; id\u00e9al pour le march\u00e9 hebdomadaire, comme sac de plage ou pour les achats quotidiens. Disponible en trois mod\u00e8les diff\u00e9rents.  <\/p>\n","protected":false},"excerpt":{"rendered":"<p>Sac \u00e0 tricot pratique de Remember &#8211; doux, robuste et polyvalent, disponible en trois versions.<\/p>\n","protected":false},"featured_media":122969,"comment_status":"open","ping_status":"closed","template":"","meta":{"_acf_changed":false},"product_brand":[3039],"product_cat":[1298],"product_tag":[],"class_list":{"0":"post-123046","1":"product","2":"type-product","3":"status-publish","4":"has-post-thumbnail","6":"product_brand-remember","7":"product_cat-sacs-a-provisions","9":"first","10":"onbackorder","11":"taxable","12":"shipping-taxable","13":"purchasable","14":"product-type-variable"},"acf":[],"_links":{"self":[{"href":"https:\/\/one-horizon.ch\/fr\/wp-json\/wp\/v2\/product\/123046","targetHints":{"allow":["GET"]}}],"collection":[{"href":"https:\/\/one-horizon.ch\/fr\/wp-json\/wp\/v2\/product"}],"about":[{"href":"https:\/\/one-horizon.ch\/fr\/wp-json\/wp\/v2\/types\/product"}],"replies":[{"embeddable":true,"href":"https:\/\/one-horizon.ch\/fr\/wp-json\/wp\/v2\/comments?post=123046"}],"wp:featuredmedia":[{"embeddable":true,"href":"https:\/\/one-horizon.ch\/fr\/wp-json\/wp\/v2\/media\/122969"}],"wp:attachment":[{"href":"https:\/\/one-horizon.ch\/fr\/wp-json\/wp\/v2\/media?parent=123046"}],"wp:term":[{"taxonomy":"product_brand","embeddable":true,"href":"https:\/\/one-horizon.ch\/fr\/wp-json\/wp\/v2\/product_brand?post=123046"},{"taxonomy":"product_cat","embeddable":true,"href":"https:\/\/one-horizon.ch\/fr\/wp-json\/wp\/v2\/product_cat?post=123046"},{"taxonomy":"product_tag","embeddable":true,"href":"https:\/\/one-horizon.ch\/fr\/wp-json\/wp\/v2\/product_tag?post=123046"}],"curies":[{"name":"wp","href":"https:\/\/api.w.org\/{rel}","templated":true}]}}