{"id":123055,"date":"2026-05-03T22:58:12","date_gmt":"2026-05-03T20:58:12","guid":{"rendered":"https:\/\/one-horizon.ch\/product\/remember-baumwoll-tischset-vivi\/"},"modified":"2026-05-03T22:58:12","modified_gmt":"2026-05-03T20:58:12","slug":"remember-baumwoll-tischset-vivi","status":"publish","type":"product","link":"https:\/\/one-horizon.ch\/fr\/product\/remember-baumwoll-tischset-vivi\/","title":{"rendered":"Remember Set de table en coton Vivi"},"content":{"rendered":"<p>Le set de table Vivi de Remember en coton doux prot\u00e8ge la surface de la table tout en apportant du caract\u00e8re \u00e0 la salle \u00e0 manger. Le motif classique s&#8217;adapte \u00e0 de nombreux styles d&#8217;int\u00e9rieur et est facilement lavable &#8211; pratique et d\u00e9coratif \u00e0 la fois. <\/p>\n","protected":false},"excerpt":{"rendered":"<p>Set de table en coton doux Vivi de Remember &#8211; prot\u00e8ge la table et donne des accents color\u00e9s aux repas.<\/p>\n","protected":false},"featured_media":122902,"comment_status":"open","ping_status":"closed","template":"","meta":{"_acf_changed":false},"product_brand":[3039],"product_cat":[3229],"product_tag":[],"class_list":{"0":"post-123055","1":"product","2":"type-product","3":"status-publish","4":"has-post-thumbnail","6":"product_brand-remember","7":"product_cat-textiles-de-salle-de-bain-et-de-cuisine","9":"first","10":"onbackorder","11":"taxable","12":"shipping-taxable","13":"purchasable","14":"product-type-simple"},"acf":[],"_links":{"self":[{"href":"https:\/\/one-horizon.ch\/fr\/wp-json\/wp\/v2\/product\/123055","targetHints":{"allow":["GET"]}}],"collection":[{"href":"https:\/\/one-horizon.ch\/fr\/wp-json\/wp\/v2\/product"}],"about":[{"href":"https:\/\/one-horizon.ch\/fr\/wp-json\/wp\/v2\/types\/product"}],"replies":[{"embeddable":true,"href":"https:\/\/one-horizon.ch\/fr\/wp-json\/wp\/v2\/comments?post=123055"}],"wp:featuredmedia":[{"embeddable":true,"href":"https:\/\/one-horizon.ch\/fr\/wp-json\/wp\/v2\/media\/122902"}],"wp:attachment":[{"href":"https:\/\/one-horizon.ch\/fr\/wp-json\/wp\/v2\/media?parent=123055"}],"wp:term":[{"taxonomy":"product_brand","embeddable":true,"href":"https:\/\/one-horizon.ch\/fr\/wp-json\/wp\/v2\/product_brand?post=123055"},{"taxonomy":"product_cat","embeddable":true,"href":"https:\/\/one-horizon.ch\/fr\/wp-json\/wp\/v2\/product_cat?post=123055"},{"taxonomy":"product_tag","embeddable":true,"href":"https:\/\/one-horizon.ch\/fr\/wp-json\/wp\/v2\/product_tag?post=123055"}],"curies":[{"name":"wp","href":"https:\/\/api.w.org\/{rel}","templated":true}]}}