{"id":123060,"date":"2026-05-03T22:57:11","date_gmt":"2026-05-03T20:57:11","guid":{"rendered":"https:\/\/one-horizon.ch\/product\/remember-schluesselanhaenger-ringo\/"},"modified":"2026-05-03T22:57:11","modified_gmt":"2026-05-03T20:57:11","slug":"remember-schluesselanhaenger-ringo","status":"publish","type":"product","link":"https:\/\/one-horizon.ch\/fr\/product\/remember-schluesselanhaenger-ringo\/","title":{"rendered":"Remember Porte-cl\u00e9s Ringo"},"content":{"rendered":"<p>Le porte-cl\u00e9s Ringo de Remember vous permet de retrouver vos cl\u00e9s avec plaisir. Avec ses couleurs vives et son mat\u00e9riau de haute qualit\u00e9, c&#8217;est un petit bijou pour la vie quotidienne. Disponible en cinq couleurs vives, c&#8217;est aussi un cadeau id\u00e9al.  <\/p>\n","protected":false},"excerpt":{"rendered":"<p>Porte-cl\u00e9s Ringo color\u00e9 de Remember &#8211; pratique, durable et disponible en cinq couleurs vives.<\/p>\n","protected":false},"featured_media":122945,"comment_status":"open","ping_status":"closed","template":"","meta":{"_acf_changed":false},"product_brand":[3039],"product_cat":[3276],"product_tag":[],"class_list":{"0":"post-123060","1":"product","2":"type-product","3":"status-publish","4":"has-post-thumbnail","6":"product_brand-remember","7":"product_cat-carry-essentials","8":"pa_farbe-bleu","9":"pa_farbe-deep-blue-fr","10":"pa_farbe-foret","11":"pa_farbe-jaune","12":"pa_farbe-rouge","14":"first","15":"onbackorder","16":"taxable","17":"shipping-taxable","18":"purchasable","19":"product-type-variable"},"acf":[],"_links":{"self":[{"href":"https:\/\/one-horizon.ch\/fr\/wp-json\/wp\/v2\/product\/123060","targetHints":{"allow":["GET"]}}],"collection":[{"href":"https:\/\/one-horizon.ch\/fr\/wp-json\/wp\/v2\/product"}],"about":[{"href":"https:\/\/one-horizon.ch\/fr\/wp-json\/wp\/v2\/types\/product"}],"replies":[{"embeddable":true,"href":"https:\/\/one-horizon.ch\/fr\/wp-json\/wp\/v2\/comments?post=123060"}],"wp:featuredmedia":[{"embeddable":true,"href":"https:\/\/one-horizon.ch\/fr\/wp-json\/wp\/v2\/media\/122945"}],"wp:attachment":[{"href":"https:\/\/one-horizon.ch\/fr\/wp-json\/wp\/v2\/media?parent=123060"}],"wp:term":[{"taxonomy":"product_brand","embeddable":true,"href":"https:\/\/one-horizon.ch\/fr\/wp-json\/wp\/v2\/product_brand?post=123060"},{"taxonomy":"product_cat","embeddable":true,"href":"https:\/\/one-horizon.ch\/fr\/wp-json\/wp\/v2\/product_cat?post=123060"},{"taxonomy":"product_tag","embeddable":true,"href":"https:\/\/one-horizon.ch\/fr\/wp-json\/wp\/v2\/product_tag?post=123060"}],"curies":[{"name":"wp","href":"https:\/\/api.w.org\/{rel}","templated":true}]}}