{"id":123061,"date":"2026-05-03T22:58:04","date_gmt":"2026-05-03T20:58:04","guid":{"rendered":"https:\/\/one-horizon.ch\/product\/remember-flaschenverschluesse-4er-set\/"},"modified":"2026-05-03T22:58:04","modified_gmt":"2026-05-03T20:58:04","slug":"remember-flaschenverschluesse-4er-set","status":"publish","type":"product","link":"https:\/\/one-horizon.ch\/fr\/product\/remember-flaschenverschluesse-4er-set\/","title":{"rendered":"Remember Bouchons de bouteille, lot de 4"},"content":{"rendered":"<p>Les bouchons de bouteille de Remember permettent de conserver plus longtemps la fra\u00eecheur du vin ouvert. Le set de 4 bouteilles en mat\u00e9riau de haute qualit\u00e9 s\u00e9duit par son design ludique et s&#8217;adapte facilement aux ouvertures de bouteilles courantes. Pratique et joli, il constitue un excellent petit cadeau.  <\/p>\n","protected":false},"excerpt":{"rendered":"<p>Set de 4 bouchons de bouteilles pratiques de Remember &#8211; conservent le vin au frais tout en ayant une belle apparence.<\/p>\n","protected":false},"featured_media":122854,"comment_status":"open","ping_status":"closed","template":"","meta":{"_acf_changed":false},"product_brand":[3039],"product_cat":[3631],"product_tag":[],"class_list":{"0":"post-123061","1":"product","2":"type-product","3":"status-publish","4":"has-post-thumbnail","6":"product_brand-remember","7":"product_cat-ustensiles-de-cuisine-gadgets","9":"first","10":"onbackorder","11":"taxable","12":"shipping-taxable","13":"purchasable","14":"product-type-simple"},"acf":[],"_links":{"self":[{"href":"https:\/\/one-horizon.ch\/fr\/wp-json\/wp\/v2\/product\/123061","targetHints":{"allow":["GET"]}}],"collection":[{"href":"https:\/\/one-horizon.ch\/fr\/wp-json\/wp\/v2\/product"}],"about":[{"href":"https:\/\/one-horizon.ch\/fr\/wp-json\/wp\/v2\/types\/product"}],"replies":[{"embeddable":true,"href":"https:\/\/one-horizon.ch\/fr\/wp-json\/wp\/v2\/comments?post=123061"}],"wp:featuredmedia":[{"embeddable":true,"href":"https:\/\/one-horizon.ch\/fr\/wp-json\/wp\/v2\/media\/122854"}],"wp:attachment":[{"href":"https:\/\/one-horizon.ch\/fr\/wp-json\/wp\/v2\/media?parent=123061"}],"wp:term":[{"taxonomy":"product_brand","embeddable":true,"href":"https:\/\/one-horizon.ch\/fr\/wp-json\/wp\/v2\/product_brand?post=123061"},{"taxonomy":"product_cat","embeddable":true,"href":"https:\/\/one-horizon.ch\/fr\/wp-json\/wp\/v2\/product_cat?post=123061"},{"taxonomy":"product_tag","embeddable":true,"href":"https:\/\/one-horizon.ch\/fr\/wp-json\/wp\/v2\/product_tag?post=123061"}],"curies":[{"name":"wp","href":"https:\/\/api.w.org\/{rel}","templated":true}]}}