{"id":123074,"date":"2026-05-03T22:57:02","date_gmt":"2026-05-03T20:57:02","guid":{"rendered":"https:\/\/one-horizon.ch\/product\/remember-couchdecke-malie\/"},"modified":"2026-05-03T22:57:02","modified_gmt":"2026-05-03T20:57:02","slug":"remember-couchdecke-malie","status":"publish","type":"product","link":"https:\/\/one-horizon.ch\/fr\/product\/remember-couchdecke-malie\/","title":{"rendered":"Remember Couverture de canap\u00e9 Malie"},"content":{"rendered":"<p>La couverture de canap\u00e9 Malie de Remember rend les soir\u00e9es confortables encore plus agr\u00e9ables. Doux, l\u00e9ger et agr\u00e9ablement chaud &#8211; son design simple s&#8217;adapte \u00e0 tout type d&#8217;int\u00e9rieur et fait de ce plaid \u00e0 la fois un compagnon pratique au quotidien et un accessoire d\u00e9coratif pour la maison. <\/p>\n","protected":false},"excerpt":{"rendered":"<p>Couverture de canap\u00e9 douce Malie de Remember &#8211; id\u00e9ale pour se blottir sur le canap\u00e9 ou comme jet\u00e9 d\u00e9coratif styl\u00e9.<\/p>\n","protected":false},"featured_media":122845,"comment_status":"open","ping_status":"closed","template":"","meta":{"_acf_changed":false},"product_brand":[3039],"product_cat":[3259],"product_tag":[],"class_list":{"0":"post-123074","1":"product","2":"type-product","3":"status-publish","4":"has-post-thumbnail","6":"product_brand-remember","7":"product_cat-couvertures-plaids","9":"first","10":"onbackorder","11":"taxable","12":"shipping-taxable","13":"purchasable","14":"product-type-simple"},"acf":[],"_links":{"self":[{"href":"https:\/\/one-horizon.ch\/fr\/wp-json\/wp\/v2\/product\/123074","targetHints":{"allow":["GET"]}}],"collection":[{"href":"https:\/\/one-horizon.ch\/fr\/wp-json\/wp\/v2\/product"}],"about":[{"href":"https:\/\/one-horizon.ch\/fr\/wp-json\/wp\/v2\/types\/product"}],"replies":[{"embeddable":true,"href":"https:\/\/one-horizon.ch\/fr\/wp-json\/wp\/v2\/comments?post=123074"}],"wp:featuredmedia":[{"embeddable":true,"href":"https:\/\/one-horizon.ch\/fr\/wp-json\/wp\/v2\/media\/122845"}],"wp:attachment":[{"href":"https:\/\/one-horizon.ch\/fr\/wp-json\/wp\/v2\/media?parent=123074"}],"wp:term":[{"taxonomy":"product_brand","embeddable":true,"href":"https:\/\/one-horizon.ch\/fr\/wp-json\/wp\/v2\/product_brand?post=123074"},{"taxonomy":"product_cat","embeddable":true,"href":"https:\/\/one-horizon.ch\/fr\/wp-json\/wp\/v2\/product_cat?post=123074"},{"taxonomy":"product_tag","embeddable":true,"href":"https:\/\/one-horizon.ch\/fr\/wp-json\/wp\/v2\/product_tag?post=123074"}],"curies":[{"name":"wp","href":"https:\/\/api.w.org\/{rel}","templated":true}]}}