{"id":123075,"date":"2026-05-03T22:57:36","date_gmt":"2026-05-03T20:57:36","guid":{"rendered":"https:\/\/one-horizon.ch\/product\/remember-flaschentasche\/"},"modified":"2026-05-03T22:57:36","modified_gmt":"2026-05-03T20:57:36","slug":"remember-flaschentasche","status":"publish","type":"product","link":"https:\/\/one-horizon.ch\/fr\/product\/remember-flaschentasche\/","title":{"rendered":"Sac \u00e0 bouteilles Remember"},"content":{"rendered":"<p>Le sac \u00e0 bouteilles de Remember prot\u00e8ge les bouteilles de vin avec style et rend chaque bouteille attrayante. Qu&#8217;il s&#8217;agisse d&#8217;un cadeau pour un invit\u00e9 ou pour votre propre usage, ce sac pratique en tissu de haute qualit\u00e9 est esth\u00e9tique et remplit sa fonction. Disponible en trois couleurs.  <\/p>\n","protected":false},"excerpt":{"rendered":"<p>Sac \u00e0 bouteilles \u00e9l\u00e9gant de Remember en trois couleurs &#8211; le cadeau intelligent pour les amateurs de vin.<\/p>\n","protected":false},"featured_media":122960,"comment_status":"open","ping_status":"closed","template":"","meta":{"_acf_changed":false},"product_brand":[3039],"product_cat":[1298],"product_tag":[],"class_list":{"0":"post-123075","1":"product","2":"type-product","3":"status-publish","4":"has-post-thumbnail","6":"product_brand-remember","7":"product_cat-sacs-a-provisions","8":"pa_farbe-berry-fr","9":"pa_farbe-ocean-fr","10":"pa_farbe-stone-fr","12":"first","13":"onbackorder","14":"taxable","15":"shipping-taxable","16":"purchasable","17":"product-type-variable"},"acf":[],"_links":{"self":[{"href":"https:\/\/one-horizon.ch\/fr\/wp-json\/wp\/v2\/product\/123075","targetHints":{"allow":["GET"]}}],"collection":[{"href":"https:\/\/one-horizon.ch\/fr\/wp-json\/wp\/v2\/product"}],"about":[{"href":"https:\/\/one-horizon.ch\/fr\/wp-json\/wp\/v2\/types\/product"}],"replies":[{"embeddable":true,"href":"https:\/\/one-horizon.ch\/fr\/wp-json\/wp\/v2\/comments?post=123075"}],"wp:featuredmedia":[{"embeddable":true,"href":"https:\/\/one-horizon.ch\/fr\/wp-json\/wp\/v2\/media\/122960"}],"wp:attachment":[{"href":"https:\/\/one-horizon.ch\/fr\/wp-json\/wp\/v2\/media?parent=123075"}],"wp:term":[{"taxonomy":"product_brand","embeddable":true,"href":"https:\/\/one-horizon.ch\/fr\/wp-json\/wp\/v2\/product_brand?post=123075"},{"taxonomy":"product_cat","embeddable":true,"href":"https:\/\/one-horizon.ch\/fr\/wp-json\/wp\/v2\/product_cat?post=123075"},{"taxonomy":"product_tag","embeddable":true,"href":"https:\/\/one-horizon.ch\/fr\/wp-json\/wp\/v2\/product_tag?post=123075"}],"curies":[{"name":"wp","href":"https:\/\/api.w.org\/{rel}","templated":true}]}}