{"id":123081,"date":"2026-05-03T22:56:44","date_gmt":"2026-05-03T20:56:44","guid":{"rendered":"https:\/\/one-horizon.ch\/product\/remember-baumwoll-kissen\/"},"modified":"2026-05-03T22:56:44","modified_gmt":"2026-05-03T20:56:44","slug":"remember-baumwoll-kissen","status":"publish","type":"product","link":"https:\/\/one-horizon.ch\/fr\/product\/remember-baumwoll-kissen\/","title":{"rendered":"Remember Coussin en coton"},"content":{"rendered":"<p>Les coussins en coton de Remember sont disponibles en trois versions et s&#8217;int\u00e8grent dans tous les int\u00e9rieurs gr\u00e2ce \u00e0 leur design intemporel. Le rembourrage doux assure un confort agr\u00e9able &#8211; que ce soit sur le canap\u00e9, le lit ou comme touche d\u00e9corative dans la chambre. <\/p>\n","protected":false},"excerpt":{"rendered":"<p>Coussin d\u00e9coratif en coton de Remember en trois versions &#8211; doux, styl\u00e9 et adapt\u00e9 \u00e0 tous les int\u00e9rieurs.<\/p>\n","protected":false},"featured_media":122936,"comment_status":"open","ping_status":"closed","template":"","meta":{"_acf_changed":false},"product_brand":[3039],"product_cat":[3637],"product_tag":[],"class_list":{"0":"post-123081","1":"product","2":"type-product","3":"status-publish","4":"has-post-thumbnail","6":"product_brand-remember","7":"product_cat-linge-de-lit-oreillers","9":"first","10":"onbackorder","11":"taxable","12":"shipping-taxable","13":"purchasable","14":"product-type-variable"},"acf":[],"_links":{"self":[{"href":"https:\/\/one-horizon.ch\/fr\/wp-json\/wp\/v2\/product\/123081","targetHints":{"allow":["GET"]}}],"collection":[{"href":"https:\/\/one-horizon.ch\/fr\/wp-json\/wp\/v2\/product"}],"about":[{"href":"https:\/\/one-horizon.ch\/fr\/wp-json\/wp\/v2\/types\/product"}],"replies":[{"embeddable":true,"href":"https:\/\/one-horizon.ch\/fr\/wp-json\/wp\/v2\/comments?post=123081"}],"wp:featuredmedia":[{"embeddable":true,"href":"https:\/\/one-horizon.ch\/fr\/wp-json\/wp\/v2\/media\/122936"}],"wp:attachment":[{"href":"https:\/\/one-horizon.ch\/fr\/wp-json\/wp\/v2\/media?parent=123081"}],"wp:term":[{"taxonomy":"product_brand","embeddable":true,"href":"https:\/\/one-horizon.ch\/fr\/wp-json\/wp\/v2\/product_brand?post=123081"},{"taxonomy":"product_cat","embeddable":true,"href":"https:\/\/one-horizon.ch\/fr\/wp-json\/wp\/v2\/product_cat?post=123081"},{"taxonomy":"product_tag","embeddable":true,"href":"https:\/\/one-horizon.ch\/fr\/wp-json\/wp\/v2\/product_tag?post=123081"}],"curies":[{"name":"wp","href":"https:\/\/api.w.org\/{rel}","templated":true}]}}