{"id":123093,"date":"2026-05-03T22:56:07","date_gmt":"2026-05-03T20:56:07","guid":{"rendered":"https:\/\/one-horizon.ch\/product\/remember-sitzkissen-2\/"},"modified":"2026-05-03T22:56:07","modified_gmt":"2026-05-03T20:56:07","slug":"remember-sitzkissen-2","status":"publish","type":"product","link":"https:\/\/one-horizon.ch\/fr\/product\/remember-sitzkissen-2\/","title":{"rendered":"Remember Coussin de si\u00e8ge"},"content":{"rendered":"<p>Le coussin d&#8217;assise de Remember apporte couleur et confort \u00e0 n&#8217;importe quelle pi\u00e8ce. Fabriqu\u00e9 en coton doux avec un motif finement travaill\u00e9, il est \u00e0 la fois confortable pour s&#8217;asseoir et d\u00e9coratif. Disponible en quatre versions diff\u00e9rentes, il s&#8217;int\u00e8gre facilement dans les int\u00e9rieurs existants.  <\/p>\n","protected":false},"excerpt":{"rendered":"<p>Coussin d&#8217;assise confortable en coton de Remember en quatre versions color\u00e9es &#8211; pour le sol, la chaise ou le canap\u00e9.<\/p>\n","protected":false},"featured_media":122924,"comment_status":"open","ping_status":"closed","template":"","meta":{"_acf_changed":false},"product_brand":[3039],"product_cat":[3271],"product_tag":[],"class_list":{"0":"post-123093","1":"product","2":"type-product","3":"status-publish","4":"has-post-thumbnail","6":"product_brand-remember","7":"product_cat-tabourets-sieges","9":"first","10":"onbackorder","11":"taxable","12":"shipping-taxable","13":"purchasable","14":"product-type-variable"},"acf":[],"_links":{"self":[{"href":"https:\/\/one-horizon.ch\/fr\/wp-json\/wp\/v2\/product\/123093","targetHints":{"allow":["GET"]}}],"collection":[{"href":"https:\/\/one-horizon.ch\/fr\/wp-json\/wp\/v2\/product"}],"about":[{"href":"https:\/\/one-horizon.ch\/fr\/wp-json\/wp\/v2\/types\/product"}],"replies":[{"embeddable":true,"href":"https:\/\/one-horizon.ch\/fr\/wp-json\/wp\/v2\/comments?post=123093"}],"wp:featuredmedia":[{"embeddable":true,"href":"https:\/\/one-horizon.ch\/fr\/wp-json\/wp\/v2\/media\/122924"}],"wp:attachment":[{"href":"https:\/\/one-horizon.ch\/fr\/wp-json\/wp\/v2\/media?parent=123093"}],"wp:term":[{"taxonomy":"product_brand","embeddable":true,"href":"https:\/\/one-horizon.ch\/fr\/wp-json\/wp\/v2\/product_brand?post=123093"},{"taxonomy":"product_cat","embeddable":true,"href":"https:\/\/one-horizon.ch\/fr\/wp-json\/wp\/v2\/product_cat?post=123093"},{"taxonomy":"product_tag","embeddable":true,"href":"https:\/\/one-horizon.ch\/fr\/wp-json\/wp\/v2\/product_tag?post=123093"}],"curies":[{"name":"wp","href":"https:\/\/api.w.org\/{rel}","templated":true}]}}