{"id":123103,"date":"2026-05-03T22:55:47","date_gmt":"2026-05-03T20:55:47","guid":{"rendered":"https:\/\/one-horizon.ch\/product\/remember-badetuch\/"},"modified":"2026-05-03T22:55:47","modified_gmt":"2026-05-03T20:55:47","slug":"remember-badetuch","status":"publish","type":"product","link":"https:\/\/one-horizon.ch\/fr\/product\/remember-badetuch\/","title":{"rendered":"Remember Serviette de bain"},"content":{"rendered":"<p>Doux pour la peau, d\u00e9licieusement absorbants et attirant le regard &#8211; les draps de bain de Remember allient fonctionnalit\u00e9 et style. Le fin tissu de coton s\u00e8che rapidement et reste doux m\u00eame apr\u00e8s de nombreux lavages. Quatre mod\u00e8les diff\u00e9rents permettent de r\u00e9pondre \u00e0 tous les go\u00fbts &#8211; que ce soit dans la salle de bain ou \u00e0 la plage.  <\/p>\n","protected":false},"excerpt":{"rendered":"<p>Serviette de bain en coton de qualit\u00e9 sup\u00e9rieure de Remember &#8211; absorbante, douce et disponible en quatre designs \u00e9vocateurs.<\/p>\n","protected":false},"featured_media":122903,"comment_status":"open","ping_status":"closed","template":"","meta":{"_acf_changed":false},"product_brand":[3039],"product_cat":[3229],"product_tag":[],"class_list":{"0":"post-123103","1":"product","2":"type-product","3":"status-publish","4":"has-post-thumbnail","6":"product_brand-remember","7":"product_cat-textiles-de-salle-de-bain-et-de-cuisine","9":"first","10":"onbackorder","11":"taxable","12":"shipping-taxable","13":"purchasable","14":"product-type-variable"},"acf":[],"_links":{"self":[{"href":"https:\/\/one-horizon.ch\/fr\/wp-json\/wp\/v2\/product\/123103","targetHints":{"allow":["GET"]}}],"collection":[{"href":"https:\/\/one-horizon.ch\/fr\/wp-json\/wp\/v2\/product"}],"about":[{"href":"https:\/\/one-horizon.ch\/fr\/wp-json\/wp\/v2\/types\/product"}],"replies":[{"embeddable":true,"href":"https:\/\/one-horizon.ch\/fr\/wp-json\/wp\/v2\/comments?post=123103"}],"wp:featuredmedia":[{"embeddable":true,"href":"https:\/\/one-horizon.ch\/fr\/wp-json\/wp\/v2\/media\/122903"}],"wp:attachment":[{"href":"https:\/\/one-horizon.ch\/fr\/wp-json\/wp\/v2\/media?parent=123103"}],"wp:term":[{"taxonomy":"product_brand","embeddable":true,"href":"https:\/\/one-horizon.ch\/fr\/wp-json\/wp\/v2\/product_brand?post=123103"},{"taxonomy":"product_cat","embeddable":true,"href":"https:\/\/one-horizon.ch\/fr\/wp-json\/wp\/v2\/product_cat?post=123103"},{"taxonomy":"product_tag","embeddable":true,"href":"https:\/\/one-horizon.ch\/fr\/wp-json\/wp\/v2\/product_tag?post=123103"}],"curies":[{"name":"wp","href":"https:\/\/api.w.org\/{rel}","templated":true}]}}