{"id":123775,"date":"2026-05-07T01:26:41","date_gmt":"2026-05-06T23:26:41","guid":{"rendered":"https:\/\/one-horizon.ch\/product\/hent-7-1-hueufttasche-7clouds\/"},"modified":"2026-05-07T01:26:41","modified_gmt":"2026-05-06T23:26:41","slug":"hent-7-1-hueufttasche-7clouds","status":"publish","type":"product","link":"https:\/\/one-horizon.ch\/fr\/product\/hent-7-1-hueufttasche-7clouds\/","title":{"rendered":"Hent 7.1"},"content":{"rendered":"<h2>Petit, l\u00e9ger et triplement portable<\/h2>\n<p>Le Hent 7.1 de 7clouds est un sac de hanche compact pour le quotidien &#8211; organis\u00e9 de mani\u00e8re pratique, produit de mani\u00e8re durable et disponible en cinq combinaisons de couleurs. Le tissu ext\u00e9rieur en PET recycl\u00e9 est imperm\u00e9able et prot\u00e8ge efficacement les objets de valeur. <\/p>\n<h2>Flexible sur la route<\/h2>\n<p>Le Hent 7.1 peut \u00eatre port\u00e9 de trois fa\u00e7ons diff\u00e9rentes : sur la hanche, en travers de la poitrine ou en bandouli\u00e8re. La sangle r\u00e9glable assure toujours un maintien optimal.<\/p>\n<ul>\n<li><strong>Dimensions :<\/strong> 25 \u00d7 14 \u00d7 7 cm<\/li>\n<li><strong>Poids :<\/strong> 150 g<\/li>\n<li><strong>Volume :<\/strong> 2,4 litres<\/li>\n<li><strong>Mat\u00e9riau :<\/strong> PET recycl\u00e9, \u00e9tanche \u00e0 l&#8217;eau<\/li>\n<li><strong>Mode de transport :<\/strong> Poche de hanche &#8211; poche de poitrine &#8211; sac \u00e0 bandouli\u00e8re<\/li>\n<\/ul>\n","protected":false},"excerpt":{"rendered":"<p>Sac de hanche l\u00e9ger en PET recycl\u00e9 &#8211; peut \u00eatre port\u00e9 sur la hanche, la poitrine ou en bandouli\u00e8re. Le mat\u00e9riau ext\u00e9rieur imperm\u00e9able prot\u00e8ge les objets de valeur de l&#8217;humidit\u00e9. Volume de 2,4 litres, poids de 150 g et disponible en cinq combinaisons de couleurs.  <\/p>\n","protected":false},"featured_media":123180,"comment_status":"open","ping_status":"closed","template":"","meta":{"_acf_changed":false},"product_brand":[2984],"product_cat":[1321],"product_tag":[3371],"class_list":{"0":"post-123775","1":"product","2":"type-product","3":"status-publish","4":"has-post-thumbnail","6":"product_brand-7clouds","7":"product_cat-sacs-ventraux","8":"product_tag-recycle","10":"first","11":"onbackorder","12":"taxable","13":"shipping-taxable","14":"purchasable","15":"product-type-variable"},"acf":[],"_links":{"self":[{"href":"https:\/\/one-horizon.ch\/fr\/wp-json\/wp\/v2\/product\/123775","targetHints":{"allow":["GET"]}}],"collection":[{"href":"https:\/\/one-horizon.ch\/fr\/wp-json\/wp\/v2\/product"}],"about":[{"href":"https:\/\/one-horizon.ch\/fr\/wp-json\/wp\/v2\/types\/product"}],"replies":[{"embeddable":true,"href":"https:\/\/one-horizon.ch\/fr\/wp-json\/wp\/v2\/comments?post=123775"}],"wp:featuredmedia":[{"embeddable":true,"href":"https:\/\/one-horizon.ch\/fr\/wp-json\/wp\/v2\/media\/123180"}],"wp:attachment":[{"href":"https:\/\/one-horizon.ch\/fr\/wp-json\/wp\/v2\/media?parent=123775"}],"wp:term":[{"taxonomy":"product_brand","embeddable":true,"href":"https:\/\/one-horizon.ch\/fr\/wp-json\/wp\/v2\/product_brand?post=123775"},{"taxonomy":"product_cat","embeddable":true,"href":"https:\/\/one-horizon.ch\/fr\/wp-json\/wp\/v2\/product_cat?post=123775"},{"taxonomy":"product_tag","embeddable":true,"href":"https:\/\/one-horizon.ch\/fr\/wp-json\/wp\/v2\/product_tag?post=123775"}],"curies":[{"name":"wp","href":"https:\/\/api.w.org\/{rel}","templated":true}]}}