{"id":123787,"date":"2026-05-07T01:21:25","date_gmt":"2026-05-06T23:21:25","guid":{"rendered":"https:\/\/one-horizon.ch\/product\/cobi-7-1-hueufttasche-7clouds\/"},"modified":"2026-05-07T01:21:25","modified_gmt":"2026-05-06T23:21:25","slug":"cobi-7-1-hueufttasche-7clouds","status":"publish","type":"product","link":"https:\/\/one-horizon.ch\/fr\/product\/cobi-7-1-hueufttasche-7clouds\/","title":{"rendered":"Cobi 7.1"},"content":{"rendered":"<h2>Poche de hanche, poche de poitrine, sac \u00e0 bandouli\u00e8re &#8211; trois en un<\/h2>\n<p>Le Cobi 7.1 de 7clouds est plus qu&#8217;un sac de hanche. Son design compact peut \u00eatre port\u00e9 confortablement sur la ceinture, en travers de la poitrine ou en bandouli\u00e8re &#8211; et s&#8217;adapte ainsi \u00e0 toutes les occasions : Sortie en ville, voyage ou randonn\u00e9e. <\/p>\n<h2>Une production durable, une fiabilit\u00e9 au quotidien<\/h2>\n<p>La partie sup\u00e9rieure est fabriqu\u00e9e en PET recycl\u00e9 et est imperm\u00e9able, ce qui permet de garder les objets de valeur au sec, m\u00eame par temps changeant. La sangle peut \u00eatre r\u00e9gl\u00e9e sur deux positions pour que le sac soit toujours parfaitement ajust\u00e9. <\/p>\n<ul>\n<li><strong>Dimensions :<\/strong> 27 \u00d7 16 \u00d7 7 cm<\/li>\n<li><strong>Poids :<\/strong> 150 g<\/li>\n<li><strong>Volume :<\/strong> 2,0 litres<\/li>\n<li><strong>Mat\u00e9riau :<\/strong> PET recycl\u00e9, \u00e9tanche \u00e0 l&#8217;eau<\/li>\n<li><strong>Fermeture :<\/strong> acc\u00e8s zipp\u00e9, compartiment zipp\u00e9 au dos, poche int\u00e9rieure<\/li>\n<li><strong>Ceinture :<\/strong> r\u00e9glable sur 2 positions<\/li>\n<li><strong>Mode de transport :<\/strong> Poche de hanche &#8211; poche de poitrine &#8211; sac \u00e0 bandouli\u00e8re<\/li>\n<\/ul>\n","protected":false},"excerpt":{"rendered":"<p>Sac de hanche polyvalent en PET recycl\u00e9 &#8211; peut \u00eatre port\u00e9 sur la hanche, la poitrine ou en bandouli\u00e8re. Le mat\u00e9riau ext\u00e9rieur imperm\u00e9able prot\u00e8ge de l&#8217;humidit\u00e9. Avec un volume de 2,0 litres, un poids de 150 g et une sangle r\u00e9glable.  <\/p>\n","protected":false},"featured_media":123117,"comment_status":"open","ping_status":"closed","template":"","meta":{"_acf_changed":false},"product_brand":[2984],"product_cat":[1321],"product_tag":[3371],"class_list":{"0":"post-123787","1":"product","2":"type-product","3":"status-publish","4":"has-post-thumbnail","6":"product_brand-7clouds","7":"product_cat-sacs-ventraux","8":"product_tag-recycle","10":"first","11":"onbackorder","12":"taxable","13":"shipping-taxable","14":"purchasable","15":"product-type-variable"},"acf":[],"_links":{"self":[{"href":"https:\/\/one-horizon.ch\/fr\/wp-json\/wp\/v2\/product\/123787","targetHints":{"allow":["GET"]}}],"collection":[{"href":"https:\/\/one-horizon.ch\/fr\/wp-json\/wp\/v2\/product"}],"about":[{"href":"https:\/\/one-horizon.ch\/fr\/wp-json\/wp\/v2\/types\/product"}],"replies":[{"embeddable":true,"href":"https:\/\/one-horizon.ch\/fr\/wp-json\/wp\/v2\/comments?post=123787"}],"wp:featuredmedia":[{"embeddable":true,"href":"https:\/\/one-horizon.ch\/fr\/wp-json\/wp\/v2\/media\/123117"}],"wp:attachment":[{"href":"https:\/\/one-horizon.ch\/fr\/wp-json\/wp\/v2\/media?parent=123787"}],"wp:term":[{"taxonomy":"product_brand","embeddable":true,"href":"https:\/\/one-horizon.ch\/fr\/wp-json\/wp\/v2\/product_brand?post=123787"},{"taxonomy":"product_cat","embeddable":true,"href":"https:\/\/one-horizon.ch\/fr\/wp-json\/wp\/v2\/product_cat?post=123787"},{"taxonomy":"product_tag","embeddable":true,"href":"https:\/\/one-horizon.ch\/fr\/wp-json\/wp\/v2\/product_tag?post=123787"}],"curies":[{"name":"wp","href":"https:\/\/api.w.org\/{rel}","templated":true}]}}