{"id":123815,"date":"2026-05-07T01:46:44","date_gmt":"2026-05-06T23:46:44","guid":{"rendered":"https:\/\/one-horizon.ch\/product\/nomo-7-1-rolltop-rucksack\/"},"modified":"2026-05-07T01:46:44","modified_gmt":"2026-05-06T23:46:44","slug":"nomo-7-1-rolltop-rucksack","status":"publish","type":"product","link":"https:\/\/one-horizon.ch\/fr\/product\/nomo-7-1-rolltop-rucksack\/","title":{"rendered":"Nomo 7.1"},"content":{"rendered":"<p>Le Nomo 7.1 est un sac \u00e0 dos l\u00e9ger \u00e0 roulettes en PET recycl\u00e9 certifi\u00e9 GRS &#8211; pour tous ceux qui ne veulent pas faire de compromis entre style et durabilit\u00e9 dans leur vie quotidienne. Le syst\u00e8me roll-top avec bouton-pression ajuste le volume de mani\u00e8re flexible, un compartiment rembourr\u00e9 pour ordinateur portable (jusqu&#8217;\u00e0 14 pouces) et des fermetures \u00e0 glissi\u00e8re \u00e0 l&#8217;avant et au dos en font le compagnon id\u00e9al. <\/p>\n<h2>L\u00e9ger, fonctionnel, durable<\/h2>\n<p>Avec seulement 850 g et un volume de 16,8 litres, le Nomo 7.1 est suffisamment grand pour une journ\u00e9e de travail compl\u00e8te, mais suffisamment compact pour les balades quotidiennes \u00e0 v\u00e9lo ou en ville. La sangle de poitrine r\u00e9glable offre une stabilit\u00e9 suppl\u00e9mentaire en cours de route. <\/p>\n<h2>Mat\u00e9riaux recycl\u00e9s certifi\u00e9s GRS<\/h2>\n<p>Tous les mat\u00e9riaux PET utilis\u00e9s sont certifi\u00e9s conformes \u00e0 la norme Global Recycled Standard &#8211; un pas concret vers une production plus durable, sans pour autant renoncer \u00e0 la qualit\u00e9 ou \u00e0 la durabilit\u00e9.<\/p>\n<ul>\n<li>Acc\u00e8s : Roll-Top avec bouton-pression<\/li>\n<li>Compartiment pour ordinateur portable : jusqu&#8217;\u00e0 14 pouces<\/li>\n<li>Poche zipp\u00e9e \u00e0 l&#8217;avant et \u00e0 l&#8217;arri\u00e8re<\/li>\n<li>bandouli\u00e8re et sangle de poitrine r\u00e9glables<\/li>\n<li>Dimensions : 27 x 44 x 14 cm<\/li>\n<li>Poids : 850 g<\/li>\n<li>Volume : 16,8 litres<\/li>\n<li>Mat\u00e9riau : PET recycl\u00e9 certifi\u00e9 GRS<\/li>\n<\/ul>\n","protected":false},"excerpt":{"rendered":"<p>Sac \u00e0 dos l\u00e9ger \u00e0 roulettes en PET recycl\u00e9 certifi\u00e9 GRS, compartiment pour ordinateur portable jusqu&#8217;\u00e0 14 pouces, fermeture \u00e0 roulettes, zip frontal et dorsal. 27 x 44 x 14 cm, 850 g, 16,8 litres. <\/p>\n","protected":false},"featured_media":123380,"comment_status":"open","ping_status":"closed","template":"","meta":{"_acf_changed":false},"product_brand":[2984],"product_cat":[867,1299],"product_tag":[],"class_list":{"0":"post-123815","1":"product","2":"type-product","3":"status-publish","4":"has-post-thumbnail","6":"product_brand-7clouds","7":"product_cat-sacs-a-dos","8":"product_cat-sacs-et-bagages","9":"pa_form-blanc-gris-brume","10":"pa_form-gris-bleu-clair","11":"pa_form-noir","12":"pa_form-orange-jaune","13":"pa_form-vert-fonce-orange","14":"pa_form-vert-fonce-vert-boue","15":"pa_holz-pet-recycle","17":"first","18":"onbackorder","19":"taxable","20":"shipping-taxable","21":"purchasable","22":"product-type-variable"},"acf":[],"_links":{"self":[{"href":"https:\/\/one-horizon.ch\/fr\/wp-json\/wp\/v2\/product\/123815","targetHints":{"allow":["GET"]}}],"collection":[{"href":"https:\/\/one-horizon.ch\/fr\/wp-json\/wp\/v2\/product"}],"about":[{"href":"https:\/\/one-horizon.ch\/fr\/wp-json\/wp\/v2\/types\/product"}],"replies":[{"embeddable":true,"href":"https:\/\/one-horizon.ch\/fr\/wp-json\/wp\/v2\/comments?post=123815"}],"wp:featuredmedia":[{"embeddable":true,"href":"https:\/\/one-horizon.ch\/fr\/wp-json\/wp\/v2\/media\/123380"}],"wp:attachment":[{"href":"https:\/\/one-horizon.ch\/fr\/wp-json\/wp\/v2\/media?parent=123815"}],"wp:term":[{"taxonomy":"product_brand","embeddable":true,"href":"https:\/\/one-horizon.ch\/fr\/wp-json\/wp\/v2\/product_brand?post=123815"},{"taxonomy":"product_cat","embeddable":true,"href":"https:\/\/one-horizon.ch\/fr\/wp-json\/wp\/v2\/product_cat?post=123815"},{"taxonomy":"product_tag","embeddable":true,"href":"https:\/\/one-horizon.ch\/fr\/wp-json\/wp\/v2\/product_tag?post=123815"}],"curies":[{"name":"wp","href":"https:\/\/api.w.org\/{rel}","templated":true}]}}