{"id":123819,"date":"2026-05-07T01:53:42","date_gmt":"2026-05-06T23:53:42","guid":{"rendered":"https:\/\/one-horizon.ch\/product\/suno-7-1-laptop-rucksack\/"},"modified":"2026-05-07T01:53:42","modified_gmt":"2026-05-06T23:53:42","slug":"suno-7-1-laptop-rucksack","status":"publish","type":"product","link":"https:\/\/one-horizon.ch\/fr\/product\/suno-7-1-laptop-rucksack\/","title":{"rendered":"Suno 7.1"},"content":{"rendered":"<p>Le Suno 7.1 est un sac \u00e0 dos polyvalent pour ordinateur portable, fabriqu\u00e9 \u00e0 partir de PET enti\u00e8rement recycl\u00e9 &#8211; \u00e0 l&#8217;int\u00e9rieur comme \u00e0 l&#8217;ext\u00e9rieur. Que ce soit sur le v\u00e9lo de ville, sur le chemin du bureau ou pour de petites randonn\u00e9es en plein air, le Suno 7.1 offre un volume de 19 litres et suffisamment de place pour un ordinateur portable (jusqu&#8217;\u00e0 15 pouces), des effets personnels et bien plus encore. <\/p>\n<h2>Fonctionnel au quotidien<\/h2>\n<p>L&#8217;acc\u00e8s zipp\u00e9, les poches avant et arri\u00e8re zipp\u00e9es et les deux poches lat\u00e9rales permettent de tout avoir \u00e0 port\u00e9e de main. Les sangles d&#8217;\u00e9paule et de poitrine r\u00e9glables assurent un maintien s\u00fbr, m\u00eame en cas d&#8217;utilisation active. <\/p>\n<h2>100% PET recycl\u00e9<\/h2>\n<p>L&#8217;ensemble du sac \u00e0 dos est fabriqu\u00e9 en r-PET, un pas concret vers une production plus durable sans compromis sur la durabilit\u00e9 ou le design.<\/p>\n<ul>\n<li>Acc\u00e8s : Fermeture \u00e0 glissi\u00e8re<\/li>\n<li>Compartiment pour ordinateur portable : jusqu&#8217;\u00e0 15 pouces<\/li>\n<li>Poche zipp\u00e9e \u00e0 l&#8217;avant et \u00e0 l&#8217;arri\u00e8re<\/li>\n<li>2 poches lat\u00e9rales<\/li>\n<li>bandouli\u00e8re et sangle de poitrine r\u00e9glables<\/li>\n<li>Dimensions : 28 x 44 x 16 cm<\/li>\n<li>Poids : 820 g<\/li>\n<li>Volume : 19 litres<\/li>\n<li>Mat\u00e9riau : PET recycl\u00e9 (int\u00e9rieur et ext\u00e9rieur)<\/li>\n<\/ul>\n","protected":false},"excerpt":{"rendered":"<p>Sac \u00e0 dos pour ordinateur portable en PET enti\u00e8rement recycl\u00e9, compartiment pour ordinateur portable jusqu&#8217;\u00e0 15 pouces, 2 poches lat\u00e9rales, zip frontal et dorsal. 28 x 44 x 16 cm, 820 g, 19 litres. <\/p>\n","protected":false},"featured_media":123569,"comment_status":"open","ping_status":"closed","template":"","meta":{"_acf_changed":false},"product_brand":[2984],"product_cat":[867,1299],"product_tag":[],"class_list":{"0":"post-123819","1":"product","2":"type-product","3":"status-publish","4":"has-post-thumbnail","6":"product_brand-7clouds","7":"product_cat-sacs-a-dos","8":"product_cat-sacs-et-bagages","9":"pa_form-melange-bleu-clair","10":"pa_form-noir","11":"pa_form-vert-fonce-vert-boue","12":"pa_holz-pet-recycle","14":"first","15":"onbackorder","16":"taxable","17":"shipping-taxable","18":"purchasable","19":"product-type-variable"},"acf":[],"_links":{"self":[{"href":"https:\/\/one-horizon.ch\/fr\/wp-json\/wp\/v2\/product\/123819","targetHints":{"allow":["GET"]}}],"collection":[{"href":"https:\/\/one-horizon.ch\/fr\/wp-json\/wp\/v2\/product"}],"about":[{"href":"https:\/\/one-horizon.ch\/fr\/wp-json\/wp\/v2\/types\/product"}],"replies":[{"embeddable":true,"href":"https:\/\/one-horizon.ch\/fr\/wp-json\/wp\/v2\/comments?post=123819"}],"wp:featuredmedia":[{"embeddable":true,"href":"https:\/\/one-horizon.ch\/fr\/wp-json\/wp\/v2\/media\/123569"}],"wp:attachment":[{"href":"https:\/\/one-horizon.ch\/fr\/wp-json\/wp\/v2\/media?parent=123819"}],"wp:term":[{"taxonomy":"product_brand","embeddable":true,"href":"https:\/\/one-horizon.ch\/fr\/wp-json\/wp\/v2\/product_brand?post=123819"},{"taxonomy":"product_cat","embeddable":true,"href":"https:\/\/one-horizon.ch\/fr\/wp-json\/wp\/v2\/product_cat?post=123819"},{"taxonomy":"product_tag","embeddable":true,"href":"https:\/\/one-horizon.ch\/fr\/wp-json\/wp\/v2\/product_tag?post=123819"}],"curies":[{"name":"wp","href":"https:\/\/api.w.org\/{rel}","templated":true}]}}