{"id":124983,"date":"2026-05-07T09:22:54","date_gmt":"2026-05-07T07:22:54","guid":{"rendered":"https:\/\/one-horizon.ch\/product\/crobod-71\/"},"modified":"2026-05-07T09:22:54","modified_gmt":"2026-05-07T07:22:54","slug":"crobod-71","status":"publish","type":"product","link":"https:\/\/one-horizon.ch\/fr\/product\/crobod-71\/","title":{"rendered":"Crobod 7.1"},"content":{"rendered":"<p>Le Crobod 7.1 est un sac de hanche compact de 7clouds &#8211; fabriqu\u00e9 en tarpaulin robuste avec des d\u00e9tails en cuir certifi\u00e9s LGW. Il peut contenir l&#8217;essentiel et peut \u00eatre port\u00e9 comme un sac de hanche, un sac crossbody ou un sac \u00e0 bandouli\u00e8re. <\/p>\n<h2>Mat\u00e9riaux et finition<\/h2>\n<p>Le tissu ext\u00e9rieur en <strong>tarpaulin<\/strong> est r\u00e9sistant et facile \u00e0 entretenir. Les d\u00e9tails en cuir sont <strong>certifi\u00e9s LGW<\/strong> (Leather Working Group) &#8211; un signe de tannage responsable. <\/p>\n<h2>\u00c9quipement<\/h2>\n<ul>\n<li>1 poche zipp\u00e9e avec acc\u00e8s par fermeture \u00e9clair<\/li>\n<li>Dimensions : 19 \u00d7 12 \u00d7 5 cm (L\/H\/P)<\/li>\n<li>Fabriqu\u00e9 \u00e0 la main dans une usine certifi\u00e9e BSCI<\/li>\n<\/ul>\n<h2>Variantes de couleurs<\/h2>\n<p>Disponible en noir-gris, vert-blanc, gris-blanc, bleu clair-gris et blanc.<\/p>\n","protected":false},"excerpt":{"rendered":"<p>Sac de hanche compact en tarpaulin durable avec d\u00e9tails en cuir certifi\u00e9s LGW. Compartiment zipp\u00e9, acc\u00e8s zipp\u00e9 &#8211; peu encombrant et l\u00e9ger. Disponible en 5 couleurs. Dimensions : 19 \u00d7 12 \u00d7 5 cm.   <\/p>\n","protected":false},"featured_media":123862,"comment_status":"open","ping_status":"closed","template":"","meta":{"_acf_changed":false},"product_brand":[2984],"product_cat":[1321],"product_tag":[],"class_list":{"0":"post-124983","1":"product","2":"type-product","3":"status-publish","4":"has-post-thumbnail","6":"product_brand-7clouds","7":"product_cat-sacs-ventraux","9":"first","10":"onbackorder","11":"taxable","12":"shipping-taxable","13":"purchasable","14":"product-type-variable"},"acf":[],"_links":{"self":[{"href":"https:\/\/one-horizon.ch\/fr\/wp-json\/wp\/v2\/product\/124983","targetHints":{"allow":["GET"]}}],"collection":[{"href":"https:\/\/one-horizon.ch\/fr\/wp-json\/wp\/v2\/product"}],"about":[{"href":"https:\/\/one-horizon.ch\/fr\/wp-json\/wp\/v2\/types\/product"}],"replies":[{"embeddable":true,"href":"https:\/\/one-horizon.ch\/fr\/wp-json\/wp\/v2\/comments?post=124983"}],"wp:featuredmedia":[{"embeddable":true,"href":"https:\/\/one-horizon.ch\/fr\/wp-json\/wp\/v2\/media\/123862"}],"wp:attachment":[{"href":"https:\/\/one-horizon.ch\/fr\/wp-json\/wp\/v2\/media?parent=124983"}],"wp:term":[{"taxonomy":"product_brand","embeddable":true,"href":"https:\/\/one-horizon.ch\/fr\/wp-json\/wp\/v2\/product_brand?post=124983"},{"taxonomy":"product_cat","embeddable":true,"href":"https:\/\/one-horizon.ch\/fr\/wp-json\/wp\/v2\/product_cat?post=124983"},{"taxonomy":"product_tag","embeddable":true,"href":"https:\/\/one-horizon.ch\/fr\/wp-json\/wp\/v2\/product_tag?post=124983"}],"curies":[{"name":"wp","href":"https:\/\/api.w.org\/{rel}","templated":true}]}}